{"id":676,"date":"2012-11-02T17:19:41","date_gmt":"2012-11-02T17:19:41","guid":{"rendered":"http:\/\/www.strapp.de\/wordpress\/?page_id=676"},"modified":"2026-01-23T00:00:43","modified_gmt":"2026-01-23T00:00:43","slug":"strappblog","status":"publish","type":"page","link":"https:\/\/strapp.de\/blog\/strappblog\/","title":{"rendered":"\u00dcbersicht der Radreisen"},"content":{"rendered":"<h3><span style=\"font-size: 16pt;\">Das Fahrrad ist das Paradies, aus dem wir vertrieben wurden. Vom Stand der Technik aus gesehen erscheint das Fahrrad als der Gipfel der Vers\u00f6hnung von Mensch und Natur. Das Fahrrad als Versprechen einer humanen Moderne, einer humanen Technik, die sich symbiotisch zur Natur verh\u00e4lt. Das Fahrrad rei\u00dft den Menschen nicht aus der Natur heraus. Das Fahrrad ist dem Menschen zu Diensten, ohne dass eS \u00fcber ihm thront. Der strampelnde Mensch auf dem Rad taugte nie als Sinnbild von Hybris. Das Fahrrad ist das letzte Versprechen einer Technik ohne Dialektik, ohne Umschlag in die Katastrophe.<\/span><\/h3>\r\n<span style=\"font-size: 12pt;\">Textquelle: <em>&#8222;Die Philosophie des Radfahrens&#8220; von J. Ilund\u00e1in-Agurruza, M. W. Austin und P. Reichenbach (Hg.), Mairisch Verlag.<\/em><\/span>\r\n<br class=\"\u201cclear\u201d\"><br class=\"\u201cclear\u201d\">\r\n<h3 style=\"text-align: center;\"><span style=\"font-family: tahoma, arial, helvetica, sans-serif; font-size: 16pt; color: #3f3f70;\"><a style=\"color: #3f3f70;\" href=\"http:\/\/strapp.de\/radreise%201.htm\"><span style=\"color: #575794;\">Heubach(W\u00fcrtt.) &#8211; Sevilla(Spanien) 1983<\/span><\/a><\/span><\/h3>\r\n<h3 style=\"text-align: center;\"><span style=\"font-family: tahoma, arial, helvetica, sans-serif; font-size: 16pt; color: #575794;\"><a style=\"color: #575794;\" title=\"(00) Radweg \u201cEiserner Vorhang und gr\u00fcnes Band\u201d\" href=\"http:\/\/www.strapp.de\/wordpress\/radweg-eisener-vorhang-und-grunes-band\/\">Eiserner Vorhang und gr\u00fcnes Band 2011<\/a><\/span><\/h3>\r\n<h3 style=\"text-align: center;\"><span style=\"font-family: tahoma, arial, helvetica, sans-serif; font-size: 16pt; color: #575794;\"><a style=\"color: #575794;\" href=\"https:\/\/www.strapp.de\/wordpress\/rad-aalen-wien\/\">Aalen &#8211; Wien 2012<\/a><\/span><\/h3>\r\n<h3 style=\"text-align: center;\"><span style=\"font-family: tahoma, arial, helvetica, sans-serif; font-size: 16pt; color: #575794;\"><a style=\"color: #575794;\" title=\"Moor und Wasser\" href=\"http:\/\/www.strapp.de\/wordpress\/moor-und-wasser\/\">Moor und Wasser 2013<\/a><\/span><\/h3>\r\n<h3 style=\"text-align: center;\"><span style=\"font-family: tahoma, arial, helvetica, sans-serif; font-size: 16pt; color: #575794;\"><a style=\"color: #575794;\" title=\"Lonetal\" href=\"http:\/\/www.strapp.de\/wordpress\/lonetal\/\">Lonetal 2013<\/a><\/span><\/h3>\r\n<h3 style=\"text-align: center;\"><span style=\"color: #575794; font-size: 16pt;\"><span style=\"font-family: tahoma, arial, helvetica, sans-serif;\"><a style=\"color: #575794;\" title=\"Albumrundung\" href=\"http:\/\/www.strapp.de\/wordpress\/albumrundung\/\">Albumrundung 2014<\/a><\/span><\/span><\/h3>\r\n<h3 style=\"text-align: center;\"><span style=\"font-family: tahoma, arial, helvetica, sans-serif; font-size: 16pt; color: #575794;\"><a style=\"color: #575794;\" title=\"Stadt, Fluss, Berg\" href=\"http:\/\/www.strapp.de\/wordpress\/stadt-fluss-berg\/\">Stadt, Fluss, Berg 2014<\/a><\/span><\/h3>\r\n<h3 style=\"text-align: center;\"><span style=\"color: #575794; font-size: 16pt;\"><span style=\"font-family: tahoma, arial, helvetica, sans-serif;\"><a style=\"color: #575794;\" title=\"Albumrundung\" href=\"http:\/\/www.strapp.de\/wordpress\/albumrundung\/\">Albumrundung 2014<\/a><\/span><\/span><\/h3>\r\n<h3 style=\"text-align: center;\"><span style=\"font-family: tahoma, arial, helvetica, sans-serif; font-size: 16pt; color: #575794;\"><a style=\"color: #575794;\" title=\"Stadt, Fluss, Berg\" href=\"http:\/\/www.strapp.de\/wordpress\/startseite-limes-radweg\/\">Limes &#8211; Radweg 2015<\/a><\/span><\/h3>\r\n<h3 style=\"text-align: center;\"><span style=\"font-family: tahoma, arial, helvetica, sans-serif; font-size: 16pt; color: #575794;\"><a style=\"color: #575794;\" title=\"Stadt, Fluss, Berg\" href=\"http:\/\/www.strapp.de\/wordpress\/albtaeler\">Albt\u00e4ler 2015<\/a><\/span><\/h3>\r\n<h3 style=\"text-align: center;\"><span style=\"color: #524d8c;\"><a style=\"color: #524d8c;\" href=\"https:\/\/www.strapp.de\/wordpress\/die-via-de-la-plata-mit-dem-rad\/\"><span style=\"font-family: tahoma, arial, helvetica, sans-serif; font-size: 16pt;\">Via de la Plata 2022<\/span><\/a><\/span><\/h3>\r\n&nbsp;\r\n\r\n&nbsp;\r\n<br class=\"\u201cclear\u201d\"><br class=\"\u201cclear\u201d\">\r\n<h1>&nbsp;<\/h1>\r\n<p style=\"text-align: center;\"><span style=\"color: #008080; font-size: 22pt;\">Cycling Cities 2025 <\/span><a href=\"https:\/\/www.strapp.de\/Cycling Cities (2025, DEU, Ingwar Perowanowitsch, 84 min)HD.mp4\"><img loading=\"lazy\" decoding=\"async\" class=\"\" src=\"https:\/\/strapp.de\/blog\/wp-content\/uploads\/2026\/01\/Videosymbol-1.jpg\" alt=\"\" width=\"26\" height=\"23\"><\/a><\/p>\r\n\r\n<h1 style=\"text-align: center;\"><a href=\"https:\/\/fahrradklima-test.adfc.de\/ergebnisse\"><span style=\"font-size: 18pt; color: #993300;\">ADFC-Fahrradklima-Test 2024 <span style=\"font-size: 18pt;\"><span style=\"color: #800000;\">|<\/span><\/span><\/span><\/a><a href=\"https:\/\/fahrradklima-test.adfc.de\/ergebnisse\"><span style=\"font-size: 18pt; color: #993300;\">&nbsp;Alle Ergebnisse im \u00dcberblick<\/span><\/a><\/h1>\r\n<p style=\"text-align: center;\"><span style=\"font-size: 18pt;\"><span style=\"color: #8a5f15;\"><a style=\"color: #8a5f15;\" href=\"https:\/\/fkt2.team-red.net\/pdf\/2024\/08136088_Aalen_FKT2024.pdf\">ADFC-Fahrradklima-Test 2024<\/a><\/span> <span style=\"color: #800000;\">|<\/span> <span style=\"color: #8a5f15;\"><a style=\"color: #8a5f15;\" href=\"https:\/\/fkt2.team-red.net\/pdf\/2024\/08136088_Aalen_FKT2024.pdf\">Auswertung Aalen<\/a><\/span><\/span><\/p>\r\n\r\n<h2 style=\"text-align: center;\"><span style=\"color: #194019; font-size: 16pt;\"><a style=\"color: #194019;\" href=\"https:\/\/www.adfc.de\/artikel\/adfc-aktion-pop-up-bike-lane\/\"><span style=\"color: #ff6600;\">Pop-Up-Fahrradstreifen<\/span><\/a> <\/span><\/h2>\r\n<h2 style=\"text-align: center;\"><span style=\"color: #339966;\"><a style=\"color: #339966;\" href=\"https:\/\/de.wikipedia.org\/wiki\/Copenhagenize_Index\"><span style=\"font-size: 24pt;\"><span style=\"font-size: 16pt;\"><span style=\"font-family: 'book antiqua', palatino;\">Copenhagenize Index<\/span><\/span><\/span><\/a> <\/span><\/h2>\r\n<h2 style=\"text-align: center;\"><span style=\"font-size: 18pt;\"><a href=\"https:\/\/www.wissenschaft.de\/umwelt-natur\/wie-dick-ist-die-luft-fuer-fahrradfahrer\/?utm_source=newsletter&amp;utm_medium=email&amp;utm_campaign=wissenschaft.de_08-07-2019\"><span style=\"color: #ff6600;\"><span style=\"color: #f21d4b;\"><span style=\"font-family: georgia, palatino, serif;\">Wie &#8222;dick&#8220; ist die Luft f\u00fcr Fahrradfahrer?&nbsp;<\/span><\/span><\/span><\/a><\/span><\/h2>\r\n<h2 style=\"text-align: center;\"><span style=\"font-size: 18pt;\"><a href=\"https:\/\/www.strapp.de\/Meine%20Radikalisierung\"><span style=\"color: #ff6600;\"><span style=\"color: #f21d4b;\"><span style=\"font-family: georgia, palatino, serif;\"><span style=\"color: #000080;\">Meine Radikalisierung<\/span><\/span><\/span><\/span><\/a><\/span><\/h2>\r\n<div id=\"xr_xrii\" class=\"xr_ap\">\r\n<div id=\"xr_xr\" class=\"xr_ap\">\r\n<div id=\"xr_td\" class=\"xr_td\">\r\n<div id=\"xr_xrc1\" class=\"xr_ap xr_xri_ xr_xrc\">\r\n<div class=\"xr_s495\" style=\"text-align: center;\"><a href=\"https:\/\/www.strapp.de\/parken\"><span style=\"font-family: impact, sans-serif; font-size: 20pt;\">PARKEN &#8211; \u00d6ffentlicher Abstellraum<\/span><\/a><\/div>\r\n<div>&nbsp;<\/div>\r\n<div class=\"xr_s495\" style=\"text-align: center;\"><a href=\"https:\/\/www.strapp.de\/radfahrer\"><span class=\"xr_tl xr_s495\" style=\"font-size: 18pt; color: #ff9900;\"><span class=\"xr_s499\">Gesundheitsf\u00f6rderung<\/span><\/span><\/a><\/div>\r\n<div>&nbsp;<\/div>\r\n<\/div>\r\n<div style=\"text-align: center;\">&nbsp;<\/div>\r\n<div id=\"xr_xrc1\" class=\"xr_ap xr_xri_ xr_xrc\">\r\n<div>&nbsp;<\/div>\r\n<\/div>\r\n<\/div>\r\n<\/div>\r\n<\/div>","protected":false},"excerpt":{"rendered":"Das Fahrrad ist das Paradies, aus dem wir vertrieben wurden. Vom Stand der Technik aus gesehen erscheint das Fahrrad als der Gipfel der Vers\u00f6hnung von Mensch und Natur. Das Fahrrad als Versprechen einer humanen Moderne, einer humanen Technik, die sich &hellip; <a href=\"https:\/\/strapp.de\/blog\/strappblog\/\">Weiterlesen <span class=\"meta-nav\">&rarr;<\/span><\/a>","protected":false},"author":1,"featured_media":0,"parent":0,"menu_order":0,"comment_status":"open","ping_status":"open","template":"","meta":{"ngg_post_thumbnail":0,"footnotes":""},"class_list":["post-676","page","type-page","status-publish","hentry"],"yoast_head":"<!-- This site is optimized with the Yoast SEO plugin v27.4 - https:\/\/yoast.com\/product\/yoast-seo-wordpress\/ -->\n<title>\u00dcbersicht der Radreisen-<\/title>\n<meta name=\"robots\" content=\"index, follow, max-snippet:-1, max-image-preview:large, max-video-preview:-1\" \/>\n<link rel=\"canonical\" href=\"https:\/\/strapp.de\/blog\/strappblog\/\" \/>\n<meta property=\"og:locale\" content=\"de_DE\" \/>\n<meta property=\"og:type\" content=\"article\" \/>\n<meta property=\"og:title\" content=\"\u00dcbersicht der Radreisen-\" \/>\n<meta property=\"og:description\" content=\"Das Fahrrad ist das Paradies, aus dem wir vertrieben wurden. Vom Stand der Technik aus gesehen erscheint das Fahrrad als der Gipfel der Vers\u00f6hnung von Mensch und Natur. Das Fahrrad als Versprechen einer humanen Moderne, einer humanen Technik, die sich &hellip; Weiterlesen &rarr;\" \/>\n<meta property=\"og:url\" content=\"https:\/\/strapp.de\/blog\/strappblog\/\" \/>\n<meta property=\"og:site_name\" content=\"strappradblog\" \/>\n<meta property=\"article:modified_time\" content=\"2026-01-23T00:00:43+00:00\" \/>\n<meta property=\"og:image\" content=\"https:\/\/strapp.de\/blog\/wp-content\/uploads\/2026\/01\/Videosymbol-1.jpg\" \/>\n<meta name=\"twitter:card\" content=\"summary_large_image\" \/>\n<meta name=\"twitter:label1\" content=\"Gesch\u00e4tzte Lesezeit\" \/>\n\t<meta name=\"twitter:data1\" content=\"2\u00a0Minuten\" \/>\n<script type=\"application\/ld+json\" class=\"yoast-schema-graph\">{\"@context\":\"https:\\\/\\\/schema.org\",\"@graph\":[{\"@type\":\"WebPage\",\"@id\":\"https:\\\/\\\/strapp.de\\\/blog\\\/strappblog\\\/\",\"url\":\"https:\\\/\\\/strapp.de\\\/blog\\\/strappblog\\\/\",\"name\":\"\u00dcbersicht der Radreisen-\",\"isPartOf\":{\"@id\":\"https:\\\/\\\/strapp.de\\\/blog\\\/#website\"},\"primaryImageOfPage\":{\"@id\":\"https:\\\/\\\/strapp.de\\\/blog\\\/strappblog\\\/#primaryimage\"},\"image\":{\"@id\":\"https:\\\/\\\/strapp.de\\\/blog\\\/strappblog\\\/#primaryimage\"},\"thumbnailUrl\":\"https:\\\/\\\/strapp.de\\\/blog\\\/wp-content\\\/uploads\\\/2026\\\/01\\\/Videosymbol-1.jpg\",\"datePublished\":\"2012-11-02T17:19:41+00:00\",\"dateModified\":\"2026-01-23T00:00:43+00:00\",\"breadcrumb\":{\"@id\":\"https:\\\/\\\/strapp.de\\\/blog\\\/strappblog\\\/#breadcrumb\"},\"inLanguage\":\"de\",\"potentialAction\":[{\"@type\":\"ReadAction\",\"target\":[\"https:\\\/\\\/strapp.de\\\/blog\\\/strappblog\\\/\"]}]},{\"@type\":\"ImageObject\",\"inLanguage\":\"de\",\"@id\":\"https:\\\/\\\/strapp.de\\\/blog\\\/strappblog\\\/#primaryimage\",\"url\":\"https:\\\/\\\/strapp.de\\\/blog\\\/wp-content\\\/uploads\\\/2026\\\/01\\\/Videosymbol-1.jpg\",\"contentUrl\":\"https:\\\/\\\/strapp.de\\\/blog\\\/wp-content\\\/uploads\\\/2026\\\/01\\\/Videosymbol-1.jpg\",\"width\":180,\"height\":158},{\"@type\":\"BreadcrumbList\",\"@id\":\"https:\\\/\\\/strapp.de\\\/blog\\\/strappblog\\\/#breadcrumb\",\"itemListElement\":[{\"@type\":\"ListItem\",\"position\":1,\"name\":\"Startseite\",\"item\":\"https:\\\/\\\/www.strapp.de\\\/wordpress\\\/\"},{\"@type\":\"ListItem\",\"position\":2,\"name\":\"\u00dcbersicht der Radreisen\"}]},{\"@type\":\"WebSite\",\"@id\":\"https:\\\/\\\/strapp.de\\\/blog\\\/#website\",\"url\":\"https:\\\/\\\/strapp.de\\\/blog\\\/\",\"name\":\"strappradblog\",\"description\":\"siegfried trapp slowblog\",\"publisher\":{\"@id\":\"https:\\\/\\\/strapp.de\\\/blog\\\/#\\\/schema\\\/person\\\/59710c1e63ddfbccb993a17dbeb92abd\"},\"potentialAction\":[{\"@type\":\"SearchAction\",\"target\":{\"@type\":\"EntryPoint\",\"urlTemplate\":\"https:\\\/\\\/strapp.de\\\/blog\\\/?s={search_term_string}\"},\"query-input\":{\"@type\":\"PropertyValueSpecification\",\"valueRequired\":true,\"valueName\":\"search_term_string\"}}],\"inLanguage\":\"de\"},{\"@type\":[\"Person\",\"Organization\"],\"@id\":\"https:\\\/\\\/strapp.de\\\/blog\\\/#\\\/schema\\\/person\\\/59710c1e63ddfbccb993a17dbeb92abd\",\"name\":\"Siegfried Trapp\",\"image\":{\"@type\":\"ImageObject\",\"inLanguage\":\"de\",\"@id\":\"https:\\\/\\\/www.strapp.de\\\/wordpress\\\/wp-content\\\/uploads\\\/2019\\\/10\\\/favi.ico\",\"url\":\"https:\\\/\\\/www.strapp.de\\\/wordpress\\\/wp-content\\\/uploads\\\/2019\\\/10\\\/favi.ico\",\"contentUrl\":\"https:\\\/\\\/www.strapp.de\\\/wordpress\\\/wp-content\\\/uploads\\\/2019\\\/10\\\/favi.ico\",\"width\":16,\"height\":16,\"caption\":\"Siegfried Trapp\"},\"logo\":{\"@id\":\"https:\\\/\\\/www.strapp.de\\\/wordpress\\\/wp-content\\\/uploads\\\/2019\\\/10\\\/favi.ico\"},\"sameAs\":[\"http:\\\/\\\/www.strapp.de\"]}]}<\/script>\n<!-- \/ Yoast SEO plugin. -->","yoast_head_json":{"title":"\u00dcbersicht der Radreisen-","robots":{"index":"index","follow":"follow","max-snippet":"max-snippet:-1","max-image-preview":"max-image-preview:large","max-video-preview":"max-video-preview:-1"},"canonical":"https:\/\/strapp.de\/blog\/strappblog\/","og_locale":"de_DE","og_type":"article","og_title":"\u00dcbersicht der Radreisen-","og_description":"Das Fahrrad ist das Paradies, aus dem wir vertrieben wurden. Vom Stand der Technik aus gesehen erscheint das Fahrrad als der Gipfel der Vers\u00f6hnung von Mensch und Natur. Das Fahrrad als Versprechen einer humanen Moderne, einer humanen Technik, die sich &hellip; Weiterlesen &rarr;","og_url":"https:\/\/strapp.de\/blog\/strappblog\/","og_site_name":"strappradblog","article_modified_time":"2026-01-23T00:00:43+00:00","og_image":[{"url":"https:\/\/strapp.de\/blog\/wp-content\/uploads\/2026\/01\/Videosymbol-1.jpg","type":"","width":"","height":""}],"twitter_card":"summary_large_image","twitter_misc":{"Gesch\u00e4tzte Lesezeit":"2\u00a0Minuten"},"schema":{"@context":"https:\/\/schema.org","@graph":[{"@type":"WebPage","@id":"https:\/\/strapp.de\/blog\/strappblog\/","url":"https:\/\/strapp.de\/blog\/strappblog\/","name":"\u00dcbersicht der Radreisen-","isPartOf":{"@id":"https:\/\/strapp.de\/blog\/#website"},"primaryImageOfPage":{"@id":"https:\/\/strapp.de\/blog\/strappblog\/#primaryimage"},"image":{"@id":"https:\/\/strapp.de\/blog\/strappblog\/#primaryimage"},"thumbnailUrl":"https:\/\/strapp.de\/blog\/wp-content\/uploads\/2026\/01\/Videosymbol-1.jpg","datePublished":"2012-11-02T17:19:41+00:00","dateModified":"2026-01-23T00:00:43+00:00","breadcrumb":{"@id":"https:\/\/strapp.de\/blog\/strappblog\/#breadcrumb"},"inLanguage":"de","potentialAction":[{"@type":"ReadAction","target":["https:\/\/strapp.de\/blog\/strappblog\/"]}]},{"@type":"ImageObject","inLanguage":"de","@id":"https:\/\/strapp.de\/blog\/strappblog\/#primaryimage","url":"https:\/\/strapp.de\/blog\/wp-content\/uploads\/2026\/01\/Videosymbol-1.jpg","contentUrl":"https:\/\/strapp.de\/blog\/wp-content\/uploads\/2026\/01\/Videosymbol-1.jpg","width":180,"height":158},{"@type":"BreadcrumbList","@id":"https:\/\/strapp.de\/blog\/strappblog\/#breadcrumb","itemListElement":[{"@type":"ListItem","position":1,"name":"Startseite","item":"https:\/\/www.strapp.de\/wordpress\/"},{"@type":"ListItem","position":2,"name":"\u00dcbersicht der Radreisen"}]},{"@type":"WebSite","@id":"https:\/\/strapp.de\/blog\/#website","url":"https:\/\/strapp.de\/blog\/","name":"strappradblog","description":"siegfried trapp slowblog","publisher":{"@id":"https:\/\/strapp.de\/blog\/#\/schema\/person\/59710c1e63ddfbccb993a17dbeb92abd"},"potentialAction":[{"@type":"SearchAction","target":{"@type":"EntryPoint","urlTemplate":"https:\/\/strapp.de\/blog\/?s={search_term_string}"},"query-input":{"@type":"PropertyValueSpecification","valueRequired":true,"valueName":"search_term_string"}}],"inLanguage":"de"},{"@type":["Person","Organization"],"@id":"https:\/\/strapp.de\/blog\/#\/schema\/person\/59710c1e63ddfbccb993a17dbeb92abd","name":"Siegfried Trapp","image":{"@type":"ImageObject","inLanguage":"de","@id":"https:\/\/www.strapp.de\/wordpress\/wp-content\/uploads\/2019\/10\/favi.ico","url":"https:\/\/www.strapp.de\/wordpress\/wp-content\/uploads\/2019\/10\/favi.ico","contentUrl":"https:\/\/www.strapp.de\/wordpress\/wp-content\/uploads\/2019\/10\/favi.ico","width":16,"height":16,"caption":"Siegfried Trapp"},"logo":{"@id":"https:\/\/www.strapp.de\/wordpress\/wp-content\/uploads\/2019\/10\/favi.ico"},"sameAs":["http:\/\/www.strapp.de"]}]}},"_links":{"self":[{"href":"https:\/\/strapp.de\/blog\/wp-json\/wp\/v2\/pages\/676","targetHints":{"allow":["GET"]}}],"collection":[{"href":"https:\/\/strapp.de\/blog\/wp-json\/wp\/v2\/pages"}],"about":[{"href":"https:\/\/strapp.de\/blog\/wp-json\/wp\/v2\/types\/page"}],"author":[{"embeddable":true,"href":"https:\/\/strapp.de\/blog\/wp-json\/wp\/v2\/users\/1"}],"replies":[{"embeddable":true,"href":"https:\/\/strapp.de\/blog\/wp-json\/wp\/v2\/comments?post=676"}],"version-history":[{"count":178,"href":"https:\/\/strapp.de\/blog\/wp-json\/wp\/v2\/pages\/676\/revisions"}],"predecessor-version":[{"id":6474,"href":"https:\/\/strapp.de\/blog\/wp-json\/wp\/v2\/pages\/676\/revisions\/6474"}],"wp:attachment":[{"href":"https:\/\/strapp.de\/blog\/wp-json\/wp\/v2\/media?parent=676"}],"curies":[{"name":"wp","href":"https:\/\/api.w.org\/{rel}","templated":true}]}}