{"id":4688,"date":"2019-10-02T00:05:12","date_gmt":"2019-10-02T00:05:12","guid":{"rendered":"https:\/\/www.strapp.de\/wordpress\/cookie-richtlinie\/"},"modified":"2025-03-17T21:24:17","modified_gmt":"2025-03-17T21:24:17","slug":"cookie-richtlinie","status":"publish","type":"page","link":"https:\/\/strapp.de\/blog\/cookie-richtlinie\/","title":{"rendered":"Cookie-Richtlinie"},"content":{"rendered":"<p><i>Diese Cookie-Richtlinie wurde zuletzt am 7. Juli 2020 aktualisiert und gilt f\u00fcr B\u00fcrger der Europ\u00e4ischen Wirtschaftszone.<\/i><\/p>\r\n<h2>1. Einf\u00fchrung<\/h2>\r\n<p>Meine Website, <a href=\"https:\/\/strapp.de\/\">https:\/\/strapp.de<\/a> (im folgenden: &#8222;Die Website&#8220;) ist eine nicht-kommerzielle Webseite. Sie verwendet Cookies und \u00e4hnliche Technologien (der Einfachheit halber werden all diese unter &#8222;Cookies&#8220; zusammengefasst). Cookies werden au\u00dferdem von beauftragten Drittparteien platziert. In dem unten stehendem Dokument informieren wir dich \u00fcber die Verwendung von Cookies auf dieser Website.<\/p>\r\n<h2>2. Was sind Cookies<\/h2>\r\n<p>Ein Cookie ist eine einfache kleine Datei, die gemeinsam mit den Seiten einer Internetadresse versendet und vom Webbrowser auf dem PC oder einem anderen Ger\u00e4t gespeichert werden kann. Die darin gespeicherten Informationen k\u00f6nnen w\u00e4hrend folgender Besuche zu meinem oder den Servern relevanter Drittanbieter gesendet werden.<\/p>\r\n<h2>3. Was sind Skripte?<\/h2>\r\n<p>Ein Skript ist ein Teil des Programmcodes, mit dem meine Website ordnungsgem\u00e4\u00df und interaktiv funktioniert. Dieser Code wird auf meinem Server oder auf deinem Ger\u00e4t ausgef\u00fchrt.<\/p>\r\n<h2>4. Was ist ein Web Beacon?<\/h2>\r\n<p>Ein Web-Beacon (auch Pixel-Tag genannt), ist ein kleines unsichtbares Textfragment oder Bild auf einer Website, das benutzt wird, um den Verkehr auf der Website zu \u00fcberwachen. Um dies zu erm\u00f6glichen werden diverse Daten von dir mittels Web-Beacons gespeichert.<\/p>\r\n<h2>5. Cookies<\/h2>\r\n<p class=\"cmplz-subtitle\">5.1 Technische oder funktionelle Cookies<\/p>\r\n<p>Einige Cookies stellen sicher, dass Teile dieser Website richtig funktionieren und deine Nutzervorlieben bekannt bleiben. Das Platzieren funktionaler Cookies macht es dir einfacher meine Website zu besuchen. Auf diese Weise musst du bei Besuchen meiner Website nicht wiederholt die gleichen Informationen eingeben. Diese Cookies k\u00f6nnen ohne dein Einverst\u00e4ndnis platziert werden.<\/p>\r\n<p class=\"cmplz-subtitle\">5.2 Analysecookies<\/p>\r\n<p>Ich verwende analytische Cookies, um das Website-Erlebnis f\u00fcr die Nutzer zu optimieren. Mit diesen analytischen Cookies erhalte ich Einblicke in die Nutzung der Website. Ich bitte um deine Erlaubnis, analytische Cookies zu setzen.<\/p>\r\n<h2>6. Platzierte Cookies<\/h2>\r\n<div id=\"cmplz-cookies-overview\">\r\n<div class=\"cmplz-service-header\">\r\n<h3>Matomo<\/h3>\r\n<\/div>\r\n<div class=\"cmplz-service-header\">\r\n<h3>Complianz<\/h3>\r\n<\/div>\r\n<div class=\"cmplz-service-header\">\r\n<h3>Google Fonts<\/h3>\r\n<\/div>\r\n<div class=\"cmplz-service-header\">\r\n<h3>Google Maps<\/h3>\r\n<\/div>\r\n<div class=\"cmplz-service-header\">\r\n<h3>Sonstiges<\/h3>\r\n<\/div>\r\n<\/div>\r\n<h2>7. Zustimmung<\/h2>\r\n<p>Wenn du diese Website das erste Mal besuchst, zeige ich dir ein Pop-Up mit einer Erkl\u00e4rung \u00fcber Cookies. Sobald du auf &#8222;Alle akzeptieren&#8220; klickst, gibst du dein Einverst\u00e4ndnis alle in diesem Pop-Up und in der Cookie-Richtlinie beschriebenen Cookies und Plugins zu verwenden. Du kannst die Verwendung von nicht-essentiellen Cookies in diesem Pop-Up deaktivieren.<\/p>\r\n<p class=\"cmplz-subtitle\">7.1 Verwalte deine Zustimmungseinstellungen<\/p>\r\n<p id=\"cmplz-manage-consent-container\" class=\"cmplz-manage-consent-container\"><button class=\"cc-revoke-custom\">Zustimmung verwalten<\/button>&nbsp;<span class=\"cmplz-status-denied\">Momentaner Status: Verweigert<\/span><\/p>\r\n<h2>8. Deine Rechte in Bezug auf pers\u00f6nliche Daten<\/h2>\r\n<p>Du hast in Bezug auf deine pers\u00f6nlichen Daten die folgenden Rechte:<\/p>\r\n<ul>\r\n<li>Du hast das Recht zu wissen, warum deine pers\u00f6nlichen Daten gebraucht werden, was mit ihnen passiert und wie lange diese verwahrt werden.<\/li>\r\n<li>Zugriffsrecht: Du hast das Recht deine mir bekannten pers\u00f6nlichen Daten einzusehen.<\/li>\r\n<li>Recht auf Berichtigung: Du hast das Recht wann immer du w\u00fcnscht, deine pers\u00f6nlichen Daten zu erg\u00e4nzen, zu korrigieren sowie gel\u00f6scht oder blockiert zu bekommen.<\/li>\r\n<li>Wenn du dein Einverst\u00e4ndnis zur Verarbeitung deiner Daten gegeben hast, hast du das Recht dieses Einverst\u00e4ndnis zu widerrufen und deine pers\u00f6nlichen Daten l\u00f6schen zu lassen.<\/li>\r\n<li>Recht auf Datentransfer deiner Daten: Du hast das Recht, alle deine pers\u00f6nlichen Daten von einem Kontrolleur anzufordern und in ihrer Gesamtheit zu einem anderen Kontrolleur zu transferieren.<\/li>\r\n<li>Widerspruchsrecht: Du kannst der Verarbeitung deiner Daten widersprechen.&nbsp;<\/li>\r\n<\/ul>\r\n<p>Um diese Rechte auszu\u00fcben kontaktiere mich bitte. Bitte beziehe dich auf die Kontaktdaten am Ende dieser Cookie-Erkl\u00e4rung. Wenn du eine Beschwerde dar\u00fcber hast, wie deine Daten behandelt werden, w\u00fcrde&nbsp; ich das gerne h\u00f6ren, aber du hast auch das Recht, diese an die Aufsichtsbeh\u00f6rde (der Datenschutzbeh\u00f6rde) zu richten.<\/p>\r\n<h2>9. Aktivierung\/Deaktivierung und L\u00f6schen von Cookies<\/h2>\r\n<p>Du kannst deinen Internetbrowser verwenden, um Cookies automatisch oder manuell zu l\u00f6schen. Du kannst auch festlegen, dass bestimmte Cookies m\u00f6glicherweise nicht platziert werden. Eine weitere M\u00f6glichkeit besteht darin, die Einstellungen deines Internetbrowsers so zu \u00e4ndern, dass du jedes Mal eine Nachricht erh\u00e4ltst, wenn ein Cookie gesetzt wird. Weitere Informationen zu diesen Optionen findest du in den Anweisungen im Hilfebereich deines Browsers.<\/p>\r\n<p>Wenn du die Cookies in deinem Browser l\u00f6schst, werden diese neu platziert, wenn du unsere Website erneut besuchst.<\/p>\r\n<h2>10. Kontaktdaten<\/h2>\r\n<p>F\u00fcr Fragen und\/oder Kommentare \u00fcber die Cookie-Richtlinien und diese Aussage kontaktiere mich bitte mittels der folgenden Kontaktdaten:<\/p>\r\n<p>Siegfried Trapp<br>73431 Aalen<br>Deutschland<br>Website:&nbsp;<a href=\"https:\/\/strapp.de\/\">https:\/\/strapp.de<\/a><br>E-Mail:&nbsp;<a href=\"mailto:strapp@strapp.de\">strapp@strapp.de<\/a><\/p>\r\n","protected":false},"excerpt":{"rendered":"Diese Cookie-Richtlinie wurde zuletzt am 7. Juli 2020 aktualisiert und gilt f\u00fcr B\u00fcrger der Europ\u00e4ischen Wirtschaftszone. 1. Einf\u00fchrung Meine Website, https:\/\/strapp.de (im folgenden: &#8222;Die Website&#8220;) ist eine nicht-kommerzielle Webseite. Sie verwendet Cookies und \u00e4hnliche Technologien (der Einfachheit halber werden all &hellip; <a href=\"https:\/\/strapp.de\/blog\/cookie-richtlinie\/\">Weiterlesen <span class=\"meta-nav\">&rarr;<\/span><\/a>","protected":false},"author":1,"featured_media":5397,"parent":0,"menu_order":0,"comment_status":"closed","ping_status":"closed","template":"","meta":{"ngg_post_thumbnail":0,"footnotes":""},"class_list":["post-4688","page","type-page","status-publish","has-post-thumbnail","hentry"],"yoast_head":"<!-- This site is optimized with the Yoast SEO plugin v27.3 - https:\/\/yoast.com\/product\/yoast-seo-wordpress\/ -->\n<title>Cookie-Richtlinie\/<\/title>\n<meta name=\"description\" content=\"Cookie- Richtlinie\" \/>\n<meta name=\"robots\" content=\"index, follow, max-snippet:-1, max-image-preview:large, max-video-preview:-1\" \/>\n<link rel=\"canonical\" href=\"https:\/\/strapp.de\/blog\/cookie-richtlinie\/\" \/>\n<meta property=\"og:locale\" content=\"de_DE\" \/>\n<meta property=\"og:type\" content=\"article\" \/>\n<meta property=\"og:title\" content=\"Cookie-Richtlinie\/\" \/>\n<meta property=\"og:description\" content=\"Cookie- Richtlinie\" \/>\n<meta property=\"og:url\" content=\"https:\/\/strapp.de\/blog\/cookie-richtlinie\/\" \/>\n<meta property=\"og:site_name\" content=\"strappradblog\" \/>\n<meta property=\"article:modified_time\" content=\"2025-03-17T21:24:17+00:00\" \/>\n<meta property=\"og:image\" content=\"https:\/\/strapp.de\/blog\/wp-content\/uploads\/2022\/01\/Cookie-N1-1.jpg\" \/>\n\t<meta property=\"og:image:width\" content=\"1600\" \/>\n\t<meta property=\"og:image:height\" content=\"900\" \/>\n\t<meta property=\"og:image:type\" content=\"image\/jpeg\" \/>\n<meta name=\"twitter:card\" content=\"summary_large_image\" \/>\n<meta name=\"twitter:label1\" content=\"Gesch\u00e4tzte Lesezeit\" \/>\n\t<meta name=\"twitter:data1\" content=\"4\u00a0Minuten\" \/>\n<script type=\"application\/ld+json\" class=\"yoast-schema-graph\">{\"@context\":\"https:\\\/\\\/schema.org\",\"@graph\":[{\"@type\":\"WebPage\",\"@id\":\"https:\\\/\\\/strapp.de\\\/blog\\\/cookie-richtlinie\\\/\",\"url\":\"https:\\\/\\\/strapp.de\\\/blog\\\/cookie-richtlinie\\\/\",\"name\":\"Cookie-Richtlinie\\\/\",\"isPartOf\":{\"@id\":\"https:\\\/\\\/strapp.de\\\/blog\\\/#website\"},\"primaryImageOfPage\":{\"@id\":\"https:\\\/\\\/strapp.de\\\/blog\\\/cookie-richtlinie\\\/#primaryimage\"},\"image\":{\"@id\":\"https:\\\/\\\/strapp.de\\\/blog\\\/cookie-richtlinie\\\/#primaryimage\"},\"thumbnailUrl\":\"https:\\\/\\\/strapp.de\\\/blog\\\/wp-content\\\/uploads\\\/2022\\\/01\\\/Cookie-N1-1.jpg\",\"datePublished\":\"2019-10-02T00:05:12+00:00\",\"dateModified\":\"2025-03-17T21:24:17+00:00\",\"description\":\"Cookie- Richtlinie\",\"breadcrumb\":{\"@id\":\"https:\\\/\\\/strapp.de\\\/blog\\\/cookie-richtlinie\\\/#breadcrumb\"},\"inLanguage\":\"de\",\"potentialAction\":[{\"@type\":\"ReadAction\",\"target\":[\"https:\\\/\\\/strapp.de\\\/blog\\\/cookie-richtlinie\\\/\"]}]},{\"@type\":\"ImageObject\",\"inLanguage\":\"de\",\"@id\":\"https:\\\/\\\/strapp.de\\\/blog\\\/cookie-richtlinie\\\/#primaryimage\",\"url\":\"https:\\\/\\\/strapp.de\\\/blog\\\/wp-content\\\/uploads\\\/2022\\\/01\\\/Cookie-N1-1.jpg\",\"contentUrl\":\"https:\\\/\\\/strapp.de\\\/blog\\\/wp-content\\\/uploads\\\/2022\\\/01\\\/Cookie-N1-1.jpg\",\"width\":1600,\"height\":900},{\"@type\":\"BreadcrumbList\",\"@id\":\"https:\\\/\\\/strapp.de\\\/blog\\\/cookie-richtlinie\\\/#breadcrumb\",\"itemListElement\":[{\"@type\":\"ListItem\",\"position\":1,\"name\":\"Startseite\",\"item\":\"https:\\\/\\\/www.strapp.de\\\/wordpress\\\/\"},{\"@type\":\"ListItem\",\"position\":2,\"name\":\"Cookie-Richtlinie\"}]},{\"@type\":\"WebSite\",\"@id\":\"https:\\\/\\\/strapp.de\\\/blog\\\/#website\",\"url\":\"https:\\\/\\\/strapp.de\\\/blog\\\/\",\"name\":\"strappradblog\",\"description\":\"siegfried trapp slowblog\",\"publisher\":{\"@id\":\"https:\\\/\\\/strapp.de\\\/blog\\\/#\\\/schema\\\/person\\\/59710c1e63ddfbccb993a17dbeb92abd\"},\"potentialAction\":[{\"@type\":\"SearchAction\",\"target\":{\"@type\":\"EntryPoint\",\"urlTemplate\":\"https:\\\/\\\/strapp.de\\\/blog\\\/?s={search_term_string}\"},\"query-input\":{\"@type\":\"PropertyValueSpecification\",\"valueRequired\":true,\"valueName\":\"search_term_string\"}}],\"inLanguage\":\"de\"},{\"@type\":[\"Person\",\"Organization\"],\"@id\":\"https:\\\/\\\/strapp.de\\\/blog\\\/#\\\/schema\\\/person\\\/59710c1e63ddfbccb993a17dbeb92abd\",\"name\":\"Siegfried Trapp\",\"image\":{\"@type\":\"ImageObject\",\"inLanguage\":\"de\",\"@id\":\"https:\\\/\\\/www.strapp.de\\\/wordpress\\\/wp-content\\\/uploads\\\/2019\\\/10\\\/favi.ico\",\"url\":\"https:\\\/\\\/www.strapp.de\\\/wordpress\\\/wp-content\\\/uploads\\\/2019\\\/10\\\/favi.ico\",\"contentUrl\":\"https:\\\/\\\/www.strapp.de\\\/wordpress\\\/wp-content\\\/uploads\\\/2019\\\/10\\\/favi.ico\",\"width\":16,\"height\":16,\"caption\":\"Siegfried Trapp\"},\"logo\":{\"@id\":\"https:\\\/\\\/www.strapp.de\\\/wordpress\\\/wp-content\\\/uploads\\\/2019\\\/10\\\/favi.ico\"},\"sameAs\":[\"http:\\\/\\\/www.strapp.de\"]}]}<\/script>\n<!-- \/ Yoast SEO plugin. -->","yoast_head_json":{"title":"Cookie-Richtlinie\/","description":"Cookie- Richtlinie","robots":{"index":"index","follow":"follow","max-snippet":"max-snippet:-1","max-image-preview":"max-image-preview:large","max-video-preview":"max-video-preview:-1"},"canonical":"https:\/\/strapp.de\/blog\/cookie-richtlinie\/","og_locale":"de_DE","og_type":"article","og_title":"Cookie-Richtlinie\/","og_description":"Cookie- Richtlinie","og_url":"https:\/\/strapp.de\/blog\/cookie-richtlinie\/","og_site_name":"strappradblog","article_modified_time":"2025-03-17T21:24:17+00:00","og_image":[{"width":1600,"height":900,"url":"https:\/\/strapp.de\/blog\/wp-content\/uploads\/2022\/01\/Cookie-N1-1.jpg","type":"image\/jpeg"}],"twitter_card":"summary_large_image","twitter_misc":{"Gesch\u00e4tzte Lesezeit":"4\u00a0Minuten"},"schema":{"@context":"https:\/\/schema.org","@graph":[{"@type":"WebPage","@id":"https:\/\/strapp.de\/blog\/cookie-richtlinie\/","url":"https:\/\/strapp.de\/blog\/cookie-richtlinie\/","name":"Cookie-Richtlinie\/","isPartOf":{"@id":"https:\/\/strapp.de\/blog\/#website"},"primaryImageOfPage":{"@id":"https:\/\/strapp.de\/blog\/cookie-richtlinie\/#primaryimage"},"image":{"@id":"https:\/\/strapp.de\/blog\/cookie-richtlinie\/#primaryimage"},"thumbnailUrl":"https:\/\/strapp.de\/blog\/wp-content\/uploads\/2022\/01\/Cookie-N1-1.jpg","datePublished":"2019-10-02T00:05:12+00:00","dateModified":"2025-03-17T21:24:17+00:00","description":"Cookie- Richtlinie","breadcrumb":{"@id":"https:\/\/strapp.de\/blog\/cookie-richtlinie\/#breadcrumb"},"inLanguage":"de","potentialAction":[{"@type":"ReadAction","target":["https:\/\/strapp.de\/blog\/cookie-richtlinie\/"]}]},{"@type":"ImageObject","inLanguage":"de","@id":"https:\/\/strapp.de\/blog\/cookie-richtlinie\/#primaryimage","url":"https:\/\/strapp.de\/blog\/wp-content\/uploads\/2022\/01\/Cookie-N1-1.jpg","contentUrl":"https:\/\/strapp.de\/blog\/wp-content\/uploads\/2022\/01\/Cookie-N1-1.jpg","width":1600,"height":900},{"@type":"BreadcrumbList","@id":"https:\/\/strapp.de\/blog\/cookie-richtlinie\/#breadcrumb","itemListElement":[{"@type":"ListItem","position":1,"name":"Startseite","item":"https:\/\/www.strapp.de\/wordpress\/"},{"@type":"ListItem","position":2,"name":"Cookie-Richtlinie"}]},{"@type":"WebSite","@id":"https:\/\/strapp.de\/blog\/#website","url":"https:\/\/strapp.de\/blog\/","name":"strappradblog","description":"siegfried trapp slowblog","publisher":{"@id":"https:\/\/strapp.de\/blog\/#\/schema\/person\/59710c1e63ddfbccb993a17dbeb92abd"},"potentialAction":[{"@type":"SearchAction","target":{"@type":"EntryPoint","urlTemplate":"https:\/\/strapp.de\/blog\/?s={search_term_string}"},"query-input":{"@type":"PropertyValueSpecification","valueRequired":true,"valueName":"search_term_string"}}],"inLanguage":"de"},{"@type":["Person","Organization"],"@id":"https:\/\/strapp.de\/blog\/#\/schema\/person\/59710c1e63ddfbccb993a17dbeb92abd","name":"Siegfried Trapp","image":{"@type":"ImageObject","inLanguage":"de","@id":"https:\/\/www.strapp.de\/wordpress\/wp-content\/uploads\/2019\/10\/favi.ico","url":"https:\/\/www.strapp.de\/wordpress\/wp-content\/uploads\/2019\/10\/favi.ico","contentUrl":"https:\/\/www.strapp.de\/wordpress\/wp-content\/uploads\/2019\/10\/favi.ico","width":16,"height":16,"caption":"Siegfried Trapp"},"logo":{"@id":"https:\/\/www.strapp.de\/wordpress\/wp-content\/uploads\/2019\/10\/favi.ico"},"sameAs":["http:\/\/www.strapp.de"]}]}},"_links":{"self":[{"href":"https:\/\/strapp.de\/blog\/wp-json\/wp\/v2\/pages\/4688","targetHints":{"allow":["GET"]}}],"collection":[{"href":"https:\/\/strapp.de\/blog\/wp-json\/wp\/v2\/pages"}],"about":[{"href":"https:\/\/strapp.de\/blog\/wp-json\/wp\/v2\/types\/page"}],"author":[{"embeddable":true,"href":"https:\/\/strapp.de\/blog\/wp-json\/wp\/v2\/users\/1"}],"replies":[{"embeddable":true,"href":"https:\/\/strapp.de\/blog\/wp-json\/wp\/v2\/comments?post=4688"}],"version-history":[{"count":14,"href":"https:\/\/strapp.de\/blog\/wp-json\/wp\/v2\/pages\/4688\/revisions"}],"predecessor-version":[{"id":6262,"href":"https:\/\/strapp.de\/blog\/wp-json\/wp\/v2\/pages\/4688\/revisions\/6262"}],"wp:featuredmedia":[{"embeddable":true,"href":"https:\/\/strapp.de\/blog\/wp-json\/wp\/v2\/media\/5397"}],"wp:attachment":[{"href":"https:\/\/strapp.de\/blog\/wp-json\/wp\/v2\/media?parent=4688"}],"curies":[{"name":"wp","href":"https:\/\/api.w.org\/{rel}","templated":true}]}}