{"id":4288,"date":"2018-06-03T18:54:01","date_gmt":"2018-06-03T18:54:01","guid":{"rendered":"http:\/\/www.strapp.de\/wordpress\/?page_id=4288"},"modified":"2025-12-11T00:43:02","modified_gmt":"2025-12-11T00:43:02","slug":"datenschutzerklaerung","status":"publish","type":"page","link":"https:\/\/strapp.de\/blog\/datenschutzerklaerung\/","title":{"rendered":"Datenschutzerkl\u00e4rung"},"content":{"rendered":"<h2>Wer ich bin<\/h2>\r\nDie Adresse meiner Website ist: https:\/\/www.strapp.de\r\n<br class=\"\u201cclear\u201d\"><br class=\"\u201cclear\u201d\">Dies ist eine nicht-kommerzielle Website..\r\n<br class=\"\u201cclear\u201d\"><br class=\"\u201cclear\u201d\">\r\n<h2>Welche personenbezogenen Daten gesammelt werden und warum<\/h2>\r\n<h3>Kommentare<\/h3>\r\nWenn Besucher Kommentare auf der Website schreiben, sammle ich die Daten, die im Kommentar-Formular angezeigt werden, au\u00dferdem die IP-Adresse des Besuchers und den User-Agent-String (damit wird der Browser identifiziert), um die Erkennung von Spam zu unterst\u00fctzen.\r\n\r\nAus deiner E-Mail-Adresse kann eine anonymisierte Zeichenfolge erstellt (auch Hash genannt) und dem Gravatar-Dienst \u00fcbergeben werden, um zu pr\u00fcfen, ob du diesen benutzt. Die Datenschutzerkl\u00e4rung des Gravatar-Dienstes findest du hier: https:\/\/automattic.com\/privacy\/. Nachdem dein Kommentar freigegeben wurde, ist dein Profilbild \u00f6ffentlich im Kontext deines Kommentars sichtbar.\r\n<h3>Medien<\/h3>\r\nWenn du ein registrierter Benutzer bist und Fotos auf diese Website l\u00e4dst, solltest du vermeiden, Fotos mit einem EXIF-GPS-Standort hochzuladen. Besucher dieser Website k\u00f6nnten Fotos, die auf dieser Website gespeichert sind, herunterladen und deren Standort-Informationen extrahieren.\r\n<h3>Kontaktformulare<\/h3>\r\n<h3>Cookies<\/h3>\r\nWenn du einen Kommentar auf meiner Website schreibst, kann das eine Einwilligung sein, deinen Namen, E-Mail-Adresse und Website in Cookies zu speichern. Dies ist eine Komfortfunktion, damit du nicht, wenn du einen weiteren Kommentar schreibst, all diese Daten erneut eingeben musst. Diese Cookies werden ein Jahr lang gespeichert.\r\n\r\nFalls du ein Konto hast und dich auf dieser Website anmeldest, werde ich ein tempor\u00e4res Cookie setzen, um festzustellen, ob dein Browser Cookies akzeptiert. Dieses Cookie enth\u00e4lt keine personenbezogenen Daten und wird verworfen, wenn du deinen Browser schlie\u00dft.\r\n\r\nWenn du dich anmeldest, werde ich einige Cookies einrichten, um deine Anmeldeinformationen und Anzeigeoptionen zu speichern. Anmelde-Cookies verfallen nach zwei Tagen und Cookies f\u00fcr die Anzeigeoptionen nach einem Jahr. Falls du bei der Anmeldung \u201eAngemeldet bleiben\u201c ausw\u00e4hlst, wird deine Anmeldung zwei Wochen lang aufrechterhalten. Mit der Abmeldung aus deinem Konto werden die Anmelde-Cookies gel\u00f6scht.\r\n\r\nWenn du einen Artikel bearbeitest oder ver\u00f6ffentlichst, wird ein zus\u00e4tzlicher Cookie in deinem Browser gespeichert. Dieser Cookie enth\u00e4lt keine personenbezogenen Daten und verweist nur auf die Beitrags-ID des Artikels, den du gerade bearbeitet hast. Der Cookie verf\u00e4llt nach einem Tag.\r\n<h3>Eingebettete Inhalte von anderen Websites<\/h3>\r\nBeitr\u00e4ge auf dieser Website k\u00f6nnen eingebettete Inhalte beinhalten (z.&nbsp;B. Videos, Bilder, Beitr\u00e4ge etc.). Eingebettete Inhalte von anderen Websites verhalten sich exakt so, als ob der Besucher die andere Website besucht h\u00e4tte.\r\n\r\nDiese Websites k\u00f6nnen Daten \u00fcber dich sammeln, Cookies benutzen, zus\u00e4tzliche Tracking-Dienste von Dritten einbetten und deine Interaktion mit diesem eingebetteten Inhalt aufzeichnen, inklusive deiner Interaktion mit dem eingebetteten Inhalt, falls du ein Konto hast und auf dieser Website angemeldet bist.\r\n<h3>Analysedienste<\/h3>\r\n<h2>Mit wem ich deine Daten teile<\/h2>\r\n<div class=\"policy-text hide-privacy-policy-tutorial\">Der&nbsp;Akismet Anti-Spam Service sammelt Informationen \u00fcber Besucher, die Kommentare auf Websites, die den Akismet Anti-Spam Service benutzen, hinterlassen haben. Das Ausma\u00df an Informationen, die er sammelt, h\u00e4ngt davon ab, wie der Benutzer seine Website einstellt hat. Normalerweise beinhalten diese Daten die IP-Adresse des Benutzers, den User Agent, Referrer und Website-URL (sowie den Informationen, die der Benutzer direkt eingegeben hat wie z.B. Namen, Benutzernamen, E-Mail-Adresse und den Kommentar selbst).<\/div>\r\n<div>Diese Website verwendet <a href=\"https:\/\/matomo.org\/free-software\/\">Matomo<\/a>, dabei handelt es sich um einen Webanalysedienst, der auf einer free and open-source software (FOSS)\u200b basiert.<\/div>\r\n<div>&nbsp;<\/div>\r\n<h2>Wie lange ich deine Daten speichere<\/h2>\r\nWenn du einen Kommentar schreibst, wird dieser inklusive Metadaten zeitlich unbegrenzt gespeichert. Auf diese Art kann ich Folgekommentare automatisch erkennen und freigeben, anstelle sie in einer Moderations-Warteschlange festzuhalten.\r\n\r\nF\u00fcr Benutzer, die sich auf meiner Website registrieren, speichere ich zus\u00e4tzlich die pers\u00f6nlichen Informationen, die sie in ihren Benutzerprofilen angeben. Alle Benutzer k\u00f6nnen jederzeit ihre pers\u00f6nlichen Informationen einsehen, ver\u00e4ndern oder l\u00f6schen (der Benutzername kann nicht ver\u00e4ndert werden). Administratoren der Website k\u00f6nnen diese Informationen ebenfalls einsehen und ver\u00e4ndern.\r\n<br class=\"\u201cclear\u201d\"><br class=\"\u201cclear\u201d\">\r\n<h2>Welche Rechte du an deinen Daten hast<\/h2>\r\nWenn du ein Konto auf dieser Website besitzt oder Kommentare geschrieben hast, kannst du einen Export deiner personenbezogenen Daten bei mir anfordern, inklusive aller Daten, die du mir mitgeteilt hast. Dar\u00fcber hinaus kannst du die L\u00f6schung aller personenbezogenen Daten, die ich von dir gespeichert habe, anfordern. Dies umfasst nicht die Daten, die ich aufgrund administrativer, rechtlicher oder sicherheitsrelevanter Notwendigkeiten aufbewahren muss.\r\n<br class=\"\u201cclear\u201d\"><br class=\"\u201cclear\u201d\">\r\n<h2>Wohin ich deine Daten sende<\/h2>\r\nBesucher-Kommentare k\u00f6nnten von einem automatisierten Dienst zur Spam-Erkennung untersucht werden.\r\n\r\n&nbsp;\r\n\r\n&nbsp;","protected":false},"excerpt":{"rendered":"Wer ich bin Die Adresse meiner Website ist: https:\/\/www.strapp.de Dies ist eine nicht-kommerzielle Website.. Welche personenbezogenen Daten gesammelt werden und warum Kommentare Wenn Besucher Kommentare auf der Website schreiben, sammle ich die Daten, die im Kommentar-Formular angezeigt werden, au\u00dferdem die &hellip; <a href=\"https:\/\/strapp.de\/blog\/datenschutzerklaerung\/\">Weiterlesen <span class=\"meta-nav\">&rarr;<\/span><\/a>","protected":false},"author":1,"featured_media":4300,"parent":0,"menu_order":0,"comment_status":"closed","ping_status":"closed","template":"","meta":{"ngg_post_thumbnail":0,"footnotes":""},"class_list":["post-4288","page","type-page","status-publish","has-post-thumbnail","hentry"],"yoast_head":"<!-- This site is optimized with the Yoast SEO plugin v27.4 - https:\/\/yoast.com\/product\/yoast-seo-wordpress\/ -->\n<title>Datenschutzerkl\u00e4rung | strappradblog<\/title>\n<meta name=\"robots\" content=\"index, follow, max-snippet:-1, max-image-preview:large, max-video-preview:-1\" \/>\n<link rel=\"canonical\" href=\"https:\/\/strapp.de\/blog\/datenschutzerklaerung\/\" \/>\n<meta property=\"og:locale\" content=\"de_DE\" \/>\n<meta property=\"og:type\" content=\"article\" \/>\n<meta property=\"og:title\" content=\"Datenschutzerkl\u00e4rung | strappradblog\" \/>\n<meta property=\"og:description\" content=\"Wer ich bin Die Adresse meiner Website ist: https:\/\/www.strapp.de Dies ist eine nicht-kommerzielle Website.. Welche personenbezogenen Daten gesammelt werden und warum Kommentare Wenn Besucher Kommentare auf der Website schreiben, sammle ich die Daten, die im Kommentar-Formular angezeigt werden, au\u00dferdem die &hellip; Weiterlesen &rarr;\" \/>\n<meta property=\"og:url\" content=\"https:\/\/strapp.de\/blog\/datenschutzerklaerung\/\" \/>\n<meta property=\"og:site_name\" content=\"strappradblog\" \/>\n<meta property=\"article:modified_time\" content=\"2025-12-11T00:43:02+00:00\" \/>\n<meta property=\"og:image\" content=\"https:\/\/strapp.de\/blog\/wp-content\/uploads\/2018\/06\/DSGVO-e1528056101771.jpg\" \/>\n\t<meta property=\"og:image:width\" content=\"524\" \/>\n\t<meta property=\"og:image:height\" content=\"475\" \/>\n\t<meta property=\"og:image:type\" content=\"image\/jpeg\" \/>\n<meta name=\"twitter:card\" content=\"summary_large_image\" \/>\n<meta name=\"twitter:label1\" content=\"Gesch\u00e4tzte Lesezeit\" \/>\n\t<meta name=\"twitter:data1\" content=\"4\u00a0Minuten\" \/>\n<script type=\"application\/ld+json\" class=\"yoast-schema-graph\">{\"@context\":\"https:\\\/\\\/schema.org\",\"@graph\":[{\"@type\":\"WebPage\",\"@id\":\"https:\\\/\\\/strapp.de\\\/blog\\\/datenschutzerklaerung\\\/\",\"url\":\"https:\\\/\\\/strapp.de\\\/blog\\\/datenschutzerklaerung\\\/\",\"name\":\"Datenschutzerkl\u00e4rung | strappradblog\",\"isPartOf\":{\"@id\":\"https:\\\/\\\/strapp.de\\\/blog\\\/#website\"},\"primaryImageOfPage\":{\"@id\":\"https:\\\/\\\/strapp.de\\\/blog\\\/datenschutzerklaerung\\\/#primaryimage\"},\"image\":{\"@id\":\"https:\\\/\\\/strapp.de\\\/blog\\\/datenschutzerklaerung\\\/#primaryimage\"},\"thumbnailUrl\":\"https:\\\/\\\/strapp.de\\\/blog\\\/wp-content\\\/uploads\\\/2018\\\/06\\\/DSGVO-e1528056101771.jpg\",\"datePublished\":\"2018-06-03T18:54:01+00:00\",\"dateModified\":\"2025-12-11T00:43:02+00:00\",\"breadcrumb\":{\"@id\":\"https:\\\/\\\/strapp.de\\\/blog\\\/datenschutzerklaerung\\\/#breadcrumb\"},\"inLanguage\":\"de\",\"potentialAction\":[{\"@type\":\"ReadAction\",\"target\":[\"https:\\\/\\\/strapp.de\\\/blog\\\/datenschutzerklaerung\\\/\"]}]},{\"@type\":\"ImageObject\",\"inLanguage\":\"de\",\"@id\":\"https:\\\/\\\/strapp.de\\\/blog\\\/datenschutzerklaerung\\\/#primaryimage\",\"url\":\"https:\\\/\\\/strapp.de\\\/blog\\\/wp-content\\\/uploads\\\/2018\\\/06\\\/DSGVO-e1528056101771.jpg\",\"contentUrl\":\"https:\\\/\\\/strapp.de\\\/blog\\\/wp-content\\\/uploads\\\/2018\\\/06\\\/DSGVO-e1528056101771.jpg\",\"width\":524,\"height\":475},{\"@type\":\"BreadcrumbList\",\"@id\":\"https:\\\/\\\/strapp.de\\\/blog\\\/datenschutzerklaerung\\\/#breadcrumb\",\"itemListElement\":[{\"@type\":\"ListItem\",\"position\":1,\"name\":\"Startseite\",\"item\":\"https:\\\/\\\/www.strapp.de\\\/wordpress\\\/\"},{\"@type\":\"ListItem\",\"position\":2,\"name\":\"Datenschutzerkl\u00e4rung\"}]},{\"@type\":\"WebSite\",\"@id\":\"https:\\\/\\\/strapp.de\\\/blog\\\/#website\",\"url\":\"https:\\\/\\\/strapp.de\\\/blog\\\/\",\"name\":\"strappradblog\",\"description\":\"siegfried trapp slowblog\",\"publisher\":{\"@id\":\"https:\\\/\\\/strapp.de\\\/blog\\\/#\\\/schema\\\/person\\\/59710c1e63ddfbccb993a17dbeb92abd\"},\"potentialAction\":[{\"@type\":\"SearchAction\",\"target\":{\"@type\":\"EntryPoint\",\"urlTemplate\":\"https:\\\/\\\/strapp.de\\\/blog\\\/?s={search_term_string}\"},\"query-input\":{\"@type\":\"PropertyValueSpecification\",\"valueRequired\":true,\"valueName\":\"search_term_string\"}}],\"inLanguage\":\"de\"},{\"@type\":[\"Person\",\"Organization\"],\"@id\":\"https:\\\/\\\/strapp.de\\\/blog\\\/#\\\/schema\\\/person\\\/59710c1e63ddfbccb993a17dbeb92abd\",\"name\":\"Siegfried Trapp\",\"image\":{\"@type\":\"ImageObject\",\"inLanguage\":\"de\",\"@id\":\"https:\\\/\\\/www.strapp.de\\\/wordpress\\\/wp-content\\\/uploads\\\/2019\\\/10\\\/favi.ico\",\"url\":\"https:\\\/\\\/www.strapp.de\\\/wordpress\\\/wp-content\\\/uploads\\\/2019\\\/10\\\/favi.ico\",\"contentUrl\":\"https:\\\/\\\/www.strapp.de\\\/wordpress\\\/wp-content\\\/uploads\\\/2019\\\/10\\\/favi.ico\",\"width\":16,\"height\":16,\"caption\":\"Siegfried Trapp\"},\"logo\":{\"@id\":\"https:\\\/\\\/www.strapp.de\\\/wordpress\\\/wp-content\\\/uploads\\\/2019\\\/10\\\/favi.ico\"},\"sameAs\":[\"http:\\\/\\\/www.strapp.de\"]}]}<\/script>\n<!-- \/ Yoast SEO plugin. -->","yoast_head_json":{"title":"Datenschutzerkl\u00e4rung | strappradblog","robots":{"index":"index","follow":"follow","max-snippet":"max-snippet:-1","max-image-preview":"max-image-preview:large","max-video-preview":"max-video-preview:-1"},"canonical":"https:\/\/strapp.de\/blog\/datenschutzerklaerung\/","og_locale":"de_DE","og_type":"article","og_title":"Datenschutzerkl\u00e4rung | strappradblog","og_description":"Wer ich bin Die Adresse meiner Website ist: https:\/\/www.strapp.de Dies ist eine nicht-kommerzielle Website.. Welche personenbezogenen Daten gesammelt werden und warum Kommentare Wenn Besucher Kommentare auf der Website schreiben, sammle ich die Daten, die im Kommentar-Formular angezeigt werden, au\u00dferdem die &hellip; Weiterlesen &rarr;","og_url":"https:\/\/strapp.de\/blog\/datenschutzerklaerung\/","og_site_name":"strappradblog","article_modified_time":"2025-12-11T00:43:02+00:00","og_image":[{"width":524,"height":475,"url":"https:\/\/strapp.de\/blog\/wp-content\/uploads\/2018\/06\/DSGVO-e1528056101771.jpg","type":"image\/jpeg"}],"twitter_card":"summary_large_image","twitter_misc":{"Gesch\u00e4tzte Lesezeit":"4\u00a0Minuten"},"schema":{"@context":"https:\/\/schema.org","@graph":[{"@type":"WebPage","@id":"https:\/\/strapp.de\/blog\/datenschutzerklaerung\/","url":"https:\/\/strapp.de\/blog\/datenschutzerklaerung\/","name":"Datenschutzerkl\u00e4rung | strappradblog","isPartOf":{"@id":"https:\/\/strapp.de\/blog\/#website"},"primaryImageOfPage":{"@id":"https:\/\/strapp.de\/blog\/datenschutzerklaerung\/#primaryimage"},"image":{"@id":"https:\/\/strapp.de\/blog\/datenschutzerklaerung\/#primaryimage"},"thumbnailUrl":"https:\/\/strapp.de\/blog\/wp-content\/uploads\/2018\/06\/DSGVO-e1528056101771.jpg","datePublished":"2018-06-03T18:54:01+00:00","dateModified":"2025-12-11T00:43:02+00:00","breadcrumb":{"@id":"https:\/\/strapp.de\/blog\/datenschutzerklaerung\/#breadcrumb"},"inLanguage":"de","potentialAction":[{"@type":"ReadAction","target":["https:\/\/strapp.de\/blog\/datenschutzerklaerung\/"]}]},{"@type":"ImageObject","inLanguage":"de","@id":"https:\/\/strapp.de\/blog\/datenschutzerklaerung\/#primaryimage","url":"https:\/\/strapp.de\/blog\/wp-content\/uploads\/2018\/06\/DSGVO-e1528056101771.jpg","contentUrl":"https:\/\/strapp.de\/blog\/wp-content\/uploads\/2018\/06\/DSGVO-e1528056101771.jpg","width":524,"height":475},{"@type":"BreadcrumbList","@id":"https:\/\/strapp.de\/blog\/datenschutzerklaerung\/#breadcrumb","itemListElement":[{"@type":"ListItem","position":1,"name":"Startseite","item":"https:\/\/www.strapp.de\/wordpress\/"},{"@type":"ListItem","position":2,"name":"Datenschutzerkl\u00e4rung"}]},{"@type":"WebSite","@id":"https:\/\/strapp.de\/blog\/#website","url":"https:\/\/strapp.de\/blog\/","name":"strappradblog","description":"siegfried trapp slowblog","publisher":{"@id":"https:\/\/strapp.de\/blog\/#\/schema\/person\/59710c1e63ddfbccb993a17dbeb92abd"},"potentialAction":[{"@type":"SearchAction","target":{"@type":"EntryPoint","urlTemplate":"https:\/\/strapp.de\/blog\/?s={search_term_string}"},"query-input":{"@type":"PropertyValueSpecification","valueRequired":true,"valueName":"search_term_string"}}],"inLanguage":"de"},{"@type":["Person","Organization"],"@id":"https:\/\/strapp.de\/blog\/#\/schema\/person\/59710c1e63ddfbccb993a17dbeb92abd","name":"Siegfried Trapp","image":{"@type":"ImageObject","inLanguage":"de","@id":"https:\/\/www.strapp.de\/wordpress\/wp-content\/uploads\/2019\/10\/favi.ico","url":"https:\/\/www.strapp.de\/wordpress\/wp-content\/uploads\/2019\/10\/favi.ico","contentUrl":"https:\/\/www.strapp.de\/wordpress\/wp-content\/uploads\/2019\/10\/favi.ico","width":16,"height":16,"caption":"Siegfried Trapp"},"logo":{"@id":"https:\/\/www.strapp.de\/wordpress\/wp-content\/uploads\/2019\/10\/favi.ico"},"sameAs":["http:\/\/www.strapp.de"]}]}},"_links":{"self":[{"href":"https:\/\/strapp.de\/blog\/wp-json\/wp\/v2\/pages\/4288","targetHints":{"allow":["GET"]}}],"collection":[{"href":"https:\/\/strapp.de\/blog\/wp-json\/wp\/v2\/pages"}],"about":[{"href":"https:\/\/strapp.de\/blog\/wp-json\/wp\/v2\/types\/page"}],"author":[{"embeddable":true,"href":"https:\/\/strapp.de\/blog\/wp-json\/wp\/v2\/users\/1"}],"replies":[{"embeddable":true,"href":"https:\/\/strapp.de\/blog\/wp-json\/wp\/v2\/comments?post=4288"}],"version-history":[{"count":18,"href":"https:\/\/strapp.de\/blog\/wp-json\/wp\/v2\/pages\/4288\/revisions"}],"predecessor-version":[{"id":6305,"href":"https:\/\/strapp.de\/blog\/wp-json\/wp\/v2\/pages\/4288\/revisions\/6305"}],"wp:featuredmedia":[{"embeddable":true,"href":"https:\/\/strapp.de\/blog\/wp-json\/wp\/v2\/media\/4300"}],"wp:attachment":[{"href":"https:\/\/strapp.de\/blog\/wp-json\/wp\/v2\/media?parent=4288"}],"curies":[{"name":"wp","href":"https:\/\/api.w.org\/{rel}","templated":true}]}}