

{"id":3101,"date":"2016-11-14T23:56:47","date_gmt":"2016-11-14T23:56:47","guid":{"rendered":"http:\/\/www.strapp.de\/wordpress\/?page_id=3101"},"modified":"2023-04-10T21:05:37","modified_gmt":"2023-04-10T21:05:37","slug":"suedwesteuropa-mit-dem-roller-etappe-6","status":"publish","type":"page","link":"https:\/\/strapp.de\/blog\/suedwesteuropa-mit-dem-roller-etappe-6\/","title":{"rendered":"S\u00fcdwesteuropa mit dem Roller: Etappe 6"},"content":{"rendered":"<span style=\"font-family: courier new,courier; font-size: 24pt;\">Aveiro bis Sevilla<\/span>\r\n\r\n<link rel='stylesheet' id='osm-ol3-css-css' href='https:\/\/strapp.de\/blog\/wp-content\/plugins\/osm\/js\/OL\/10.9.0\/ol.css?ver=6.9.4' type='text\/css' media='all' \/>\n<link rel='stylesheet' id='osm-ol3-ext-css-css' href='https:\/\/strapp.de\/blog\/wp-content\/plugins\/osm\/css\/osm_map_v3.css?ver=6.9.4' type='text\/css' media='all' \/>\n<link rel='stylesheet' id='osm-map-css-css' href='https:\/\/strapp.de\/blog\/wp-content\/plugins\/osm\/css\/osm_map.css?ver=6.9.4' type='text\/css' media='all' \/>\n<script type=\"text\/javascript\" src=\"https:\/\/strapp.de\/blog\/wp-includes\/js\/dist\/vendor\/wp-polyfill.min.js?ver=3.15.0\" id=\"wp-polyfill-js\"><\/script>\n<script type=\"text\/javascript\" src=\"https:\/\/strapp.de\/blog\/wp-content\/plugins\/osm\/js\/OL\/10.9.0\/ol.js?ver=10.9.0\" id=\"osm-ol3-library-js\"><\/script>\n<script type=\"text\/javascript\" src=\"https:\/\/strapp.de\/blog\/wp-content\/plugins\/osm\/js\/osm-v3-plugin-lib.js?ver=1.0.0\" id=\"osm-ol3-ext-library-js\"><\/script>\n<script type=\"text\/javascript\" src=\"https:\/\/strapp.de\/blog\/wp-content\/plugins\/osm\/js\/osm-metabox-events.js?ver=1.0.0\" id=\"osm-ol3-metabox-events-js\"><\/script>\n<script type=\"text\/javascript\" src=\"https:\/\/strapp.de\/blog\/wp-includes\/js\/jquery\/jquery.min.js?ver=3.7.1\" id=\"jquery-core-js\"><\/script>\n<script type=\"text\/javascript\" src=\"https:\/\/strapp.de\/blog\/wp-includes\/js\/jquery\/jquery-migrate.min.js?ver=3.4.1\" id=\"jquery-migrate-js\"><\/script>\n<script type=\"text\/javascript\" id=\"osm-map-startup-js-extra\">\n\/* <![CDATA[ *\/\nvar translations = {\"openlayer\":\"open layer\",\"openlayerAtStartup\":\"open layer at startup\",\"generateLink\":\"link to this map with opened layers\",\"shortDescription\":\"short description\",\"generatedShortCode\":\"to get a text control link paste this code in your wordpress editor\",\"closeLayer\":\"close layer\",\"cantGenerateLink\":\"put this string in the existing map short code to control this map\"};\n\/\/# sourceURL=osm-map-startup-js-extra\n\/* ]]> *\/\n<\/script>\n<script type=\"text\/javascript\" src=\"https:\/\/strapp.de\/blog\/wp-content\/plugins\/osm\/js\/osm-startup-lib.js?ver=V6.2.5\" id=\"osm-map-startup-js\"><\/script>\n\n        <div id=\"map_ol3js_1\"\n       class=\"osm-map-container undefined\"\n             data-map_name=\"undefined\"\n             data-map=\"map_ol3js_1\"\n             data-autoshow=\"no\"\n             style=\"width:100%;\n                    max-width:100%;\n                    height:450px;\n                    display:block;\n                    overflow:hidden;\n                    border:thin solid black;\n                    position: relative;\">\n          <div id=\"map_ol3js_1_popup\" class=\"ol-popup\">\n            <a href=\"#\" id=\"map_ol3js_1_popup-closer\" class=\"ol-popup-closer\"><\/a>\n            <div id=\"map_ol3js_1_popup-content\"><\/div>\n          <\/div>\n        <\/div>\n    <script type=\"text\/javascript\">\n\t\t\t  vectorM['map_ol3js_1'] = [];\n\t        \n        var raster = getTileLayer(\"osm\",\"NoKey\");\t\t\t\n\n\t\t\t  var map_ol3js_1 = new ol.Map({\n\t\t\t\tinteractions: ol.interaction.defaults.defaults({mouseWheelZoom:false}),\n\t\t\t\tlayers: [raster],\n\t\t\t\ttarget: \"map_ol3js_1\",\n\t\t\t\tview: new ol.View({\n\t\t\t\t  center: ol.proj.transform([-8.612,39.651], \"EPSG:4326\", \"EPSG:3857\"),\n\t\t\t\t  zoom: 7\n\t\t\t\t})\n\t\t\t  });\n\t\t\t  \n    var style_map_ol3js_1_0 = {\n      \"Point\": [new ol.style.Style({\n\n          image: new ol.style.Icon({\n            anchor: [0.5, 41],\n            anchorXUnits: \"fraction\",\n            anchorYUnits: \"pixels\",\n            opacity: 0.75,\n            src: \"https:\/\/strapp.de\/blog\/wp-content\/plugins\/osm\/icons\/mic_green_pinother_02.png\"\n          })\n      })],\n\n      \"LineString\": [new ol.style.Style({\n        stroke: new ol.style.Stroke({\n          color: \"green\",\n          width: 8\n        })\n      })],\n      \"MultiLineString\": [new ol.style.Style({\n        stroke: new ol.style.Stroke({\n          color: \"green\",\n          width: 4\n        })\n      })]\n    };\n\t\t  var vectorL0 = new ol.layer.Vector({\n\t\t\t\tsource: new ol.source.Vector({\n\t\t\t\turl:\"http:\/\/www.strapp.de\/wordpress\/wp-content\/uploads\/2016\/11\/2016-08-24_091625-Aveiro-bis-Lissabon.gpx\",\n\t\t\t\tformat: new ol.format.GPX({\n\t\t\t\t\textractStyles: false\n\t\t\t\t})\n\t\t\t}),\n\t\t\tzIndex: 92,\n\t\t\tstyle: function(feature, resolution) {return style_map_ol3js_1_0[feature.getGeometry().getType()];}\n\t\t  });\n\t\t  map_ol3js_1.addLayer(vectorL0);addControls2Map(map_ol3js_1,1,0,3,1,5,6,7,1,1);\nosm_addPopupClickhandler(map_ol3js_1,  \"map_ol3js_1\"); \nosm_addMouseHover(map_ol3js_1); <\/script>\r\n\r\n&nbsp;\r\n<span style=\"font-size: 16pt;\">Bei Ankunft in Lissabon lagen knapp 4000 km hinter mir. Das Verkehrsaufkommen ist in Portugal von den vier bereisten L\u00e4ndern am geringsten.<\/span>\r\n<br class=\"\u201cclear\u201d\"><span style=\"font-size: 16pt;\">Das weitere Ranking zum jetzigen Zeitpunkt (abnehmende G\u00fcte in der angegebenen Reihenfolge)<\/span>\r\n<ol>\r\n \t<li style=\"list-style-type: none;\">\r\n<ol>\r\n \t<li><span style=\"font-size: 16pt;\"><strong>Preise<\/strong>: Portugal &#8211; Spanien &#8211; Deutschland &#8211; Frankreich<\/span><\/li>\r\n \t<li><span style=\"font-size: 16pt;\"><strong>Disziplin der Verkehrsteilnehmer<\/strong>: Deutschland &#8211; Spanien &#8211; Frankreich &#8211; Portugal&nbsp;&nbsp;<\/span><\/li>\r\n<\/ol>\r\n<\/li>\r\n<\/ol>\r\n<span style=\"font-size: 16pt;\">Nach einer Sightseeing-Tour durch Lissabon am fr\u00fchen Abend des Vortags verlie\u00df ich die Stadt am n\u00e4chsten Vormittag. Als ich endlich einige Kilometer aus den verkehrsreichen Innenbezirken heraus war bemerkte ich, dass mein Mobiltelefon fehlt.<\/span>\r\n<br class=\"\u201cclear\u201d\"><span style=\"font-size: 16pt;\">Ich fuhr zur\u00fcck in die Innenstadt und suchte mein Zimmer im Hotel, Parkhaus, Parkeinfahrt und den ersten mit dem Roller zur\u00fcckgelegten Kilometer in schwei\u00dftreibender Hitze zu Fu\u00df ab. Nichts. Die Rezeption des Hotels rief mehrere Male die Nummer meines Telefons an; es klingelte, aber niemand hob ab. Ich versuchte das Handy \u00fcber den Internetanschluss des Hotels zu orten, aber es war zu diesem Zeitpunkt nicht zu lokalisieren, und auch mein Google-Verlauf erbrachte nichts. Nach drei Stunden hektischer Suche bei 35 \u00b0C gab ich das Handy verloren. Ich sperrte die SIM-Karte \u00fcber das Internet und gab eine Nachricht f\u00fcr den Sperrbildschirm auf dem Handy ein, dahingehend, dass der Finder das Mobiltelefon im Hotel &#8222;Turim&#8220; abgeben m\u00f6ge, und hinterlie\u00df dem Hotel meine Email-Adresse.<\/span>\r\n<br class=\"\u201cclear\u201d\"><span style=\"font-size: 16pt;\">Der Restwert des Handys ist nicht das Problem. Das Hauptproblem ist jetzt die Hotelsuche. Ich brauche jeden Tag ein anderes Hotel, und kann jetzt, wie in fr\u00fcheren Zeiten, von Hotel zu Hotel fahren, Lage des Hotels kl\u00e4ren, fragen, ob was frei ist, und was es kostet, und mir das Zimmer ansehen. Auch bei der Restaurantsuche war das mobile Internet sehr hilfreich. Der Whatsapp-Kontakt mit der Familie und mit Freunden. Dann die verlorenen Telefonnummern, die (wenigen mit der Handykamera) aufgenommenen Fotos.<\/span>\r\n<br class=\"\u201cclear\u201d\"><span style=\"font-size: 16pt;\">Eine beunruhigende Abh\u00e4ngigkeit.<\/span>\r\n\r\n<span style=\"font-size: 16pt;\">Anstatt mir cool gleich ein neues Mobiltelefon zu kaufen verlie\u00df ich Lissabon fluchtartig, \u00fcber gerade Stra\u00dfen mit wundersch\u00f6nen Alleen. Eigentlich wollte ich an diesem Tag bis an die \u00e4u\u00dferste S\u00fcdwestspitze der <a href=\"https:\/\/de.wikipedia.org\/wiki\/Algarve\">Algarve<\/a> gelangen, aber da ich aufgrund der Umst\u00e4nde erst am fr\u00fchen Nachmittag weg kam, war das nicht zu schaffen. Ich fuhr die Schnellstra\u00dfe und zum Teil auch Autobahn gen S\u00fcden, musste dann aber auf der H\u00f6he von Gr\u00e2ndola aus Zeitgr\u00fcnden abbrechen und bog zur K\u00fcste ab, um gegen 19 Uhr in <a href=\"https:\/\/de.wikipedia.org\/wiki\/Vila_Nova_de_Milfontes\"><em>Vila Nova de Milfontes<\/em><\/a> zu landen. Das erste aufgesuchte Hotel war voll belegt. Im zweiten gab mir im Empfang unten eine zahnlose alte portugiesische Hexe, die Spanisch verstand, zuerst den Schl\u00fcssel zu einem Zimmer ohne Dusche und Klo. Nachdem ich das festgestellt hatte, forderte ich einen weiteren Schl\u00fcssel f\u00fcr ein anderes Zimmer, und als ich mit diesem Schl\u00fcssel hochging und das zweite Zimmer aufschloss, erschreckte sich mit \u00e4ngstlichen Schreien darin eine halbnackte \u00e4ltere Frau, die das Zimmer schon bezogen hatte. Ich ging wieder runter, und vor dem Aufschlie\u00dfen mit dem dritten Schl\u00fcssel horchte ich vorsichtshalber an der T\u00fcr, und in der Tat, da duschte schon jemand drin. Im vierten Zimmer liege ich jetzt und habe sicherheitshalber die Kette an der T\u00fcr eingeh\u00e4ngt.<\/span>\r\n<br class=\"\u201cclear\u201d\"><span style=\"font-size: 16pt;\">Das kann noch interessant werden mit der Hotel- und Zimmersuche auf diese Art.<\/span>\r\n\r\n<span style=\"font-size: 16pt;\">ngg_shortcode_0_placeholder<\/span>\r\n\r\n<span style=\"font-size: 16pt;\">Bis kurz vor&nbsp;<em><a href=\"https:\/\/de.wikipedia.org\/wiki\/Sagres\">Sagres<\/a><\/em> am s\u00fcdwestlichsten Punkt Europas durchfuhr ich etwa 100 km mehr oder weniger schnurgerade Alleen aus <a href=\"https:\/\/de.wikipedia.org\/wiki\/Korkeiche\">Korkeichen (Quercus suber)<\/a>. Sagres selbst erschien mir kahl, staubig, touristisch; noch weniger sch\u00f6n dann die anschlie\u00dfenden Kilometer bis <em>Faro<\/em>. Ein durchgehend bebautes Gebiet, verkehrslastig und ebenfalls kahl und staubig.<\/span>\r\n<br class=\"\u201cclear\u201d\"><span style=\"font-size: 16pt;\">Im Grenzort <em><a href=\"https:\/\/de.wikipedia.org\/wiki\/Vila_Real_de_Santo_Ant%C3%B3nio\">Vila Real de Santo Ant\u00f3nio<\/a><\/em> endete die Stra\u00dfe am Fluss; im Navi war einfach ein Weg \u00fcber den Grenzfluss <em>Guadiana<\/em> eingezeichnet. Das war aber eine F\u00e4hrverbindung. Am Schalter des F\u00e4hrbetriebs sprach die Angestellte kein Spanisch, und das an der Grenze zu Spanien, und es war unklar ob ich jetzt da r\u00fcber konnte, anscheinend hing das mit irgendeiner Breite auf der F\u00e4hre zusammen, ich sollte erst ausprobieren. Da nur drei Minuten bis zur Abfahrt waren und und ich nicht anderthalb Stunden auf die n\u00e4chste F\u00e4hre warten wollte l\u00f6ste ich das Ticket. Tats\u00e4chlich war es eine Personenf\u00e4hre, die nur \u00fcber einen schmalen Anlegesteg mit dem Ufer verbunden war.<\/span>\r\n<br class=\"\u201cclear\u201d\"><span style=\"font-size: 16pt;\">Der Roller passte grade so durch.<\/span>\r\n<br class=\"\u201cclear\u201d\"><span style=\"font-size: 16pt;\">Auf der anderen Seite des Flusses peilte ich den Ort <em>Isla Cristina <\/em>an, der gar keine Insel ist, sondern von <a href=\"https:\/\/de.wikipedia.org\/wiki\/Rohmarsch\">Salzmarschen<\/a> umgeben ist. Dort ging ich wieder auf Hotelsuche. Das erste, 1 Stern, in einer Seitengasse gelegen, sah etwas sch\u00e4big aus. Die Umst\u00e4nde im letzten Hotel (in dem ich \u00fcbrigens in der Nacht auch noch zwei Stunden auf Stechm\u00fcckenjagd war) hatten mir gereicht. Das n\u00e4chste, ein Betonklotz, hatte 4 Sterne, und ich suchte es auf weil ich hoffte, dort einen G\u00e4ste-PC mit Internetanschluss in der Lobby zu finden. Dem war nicht so, der Empfang str\u00f6mte eine unpers\u00f6nliche Atmosp\u00e4re aus, und dann wollten sie noch&nbsp; \u20ac 186.- f\u00fcr ein Einzelzimmer. Das dritte: Am Ende des St\u00e4dtchens, tropisches Ambiente, Vogelstimmen in den B\u00e4umen, in einer Voliere pfeift durchdringend ein<a href=\"https:\/\/de.wikipedia.org\/wiki\/Graupapagei\"> Graupapagei<\/a>, Korbm\u00f6bel, gutes kaltes Bier, Palmen und Eukalyptus, ein sch\u00f6ner Swimming Pool, \u00fcberall <a href=\"https:\/\/de.wikipedia.org\/wiki\/Azulejo\">Azulejos<\/a>, Mosaikkacheln, eine sch\u00f6ne Architektur, ruhig, eine Wohltat an einem sehr warmen Abend. Ob ich hier mit Handybuchung gelandet w\u00e4re?<\/span>\r\n\r\n<span style=\"font-size: 16pt;\">In einem Ambiente wie hier kriegt man Lust, ein Cigarillo zu rauchen.<\/span>\r\n<br class=\u201cclear\u201d \/>\r\n<br class=\u201cclear\u201d \/>\r\n<span style=\"font-size: 16pt;\">Kein Licht ohne Schatten: Das Fr\u00fchst\u00fcck karg (aber das ist typisch f\u00fcr Spanien), und es wurde mir nicht gestattet, in meiner Notsituation an ihrem Empfangs-PC meine Emails zu checken. Man verwies mich stattdessen an ein &#8222;Locutorio&#8220;, einen <span class=\"lemma-pieces\"><span class=\"trans\">Telefonladen <abbr title=\"femenino|Femininum\"><\/abbr><\/span><span class=\"def\">mit \u00f6ffentlichen Telefonen,<\/span><\/span> in der <em>Calle Espa\u00f1a<\/em>.&nbsp;<\/span>\r\n<br class=\"\u201cclear\u201d\"><span style=\"font-size: 16pt;\">Das war eigentlich ein fensterloser dunkler Tante-Emma-Lebensmittel-Laden, vor dem auch auf einem winzigen Schild &#8222;Internet&#8220; stand. Die Tante Emma war ein sehr feundlicher \u00e4lterer Araber, der Spanisch mit f\u00fcrchterlichem Akzent sprach, aber sehr gerne ins Englische wechselte, offensichtlich ein bi\u00dfchen herumgekommen war, und drei oder vier \u00e4ltere dampfgetriebene PCs mit Internet vermietete. Ich scheckte meinen Mehlaccount, schrieb auch die eine oder andere Mehl an Bekannte und Freunde, und just in dem Moment kam eine Mehl vom Hotel &#8222;Turim&#8220; in Lissabon mit der Mitteilung rein, dass jemand mein Telefon bei ihnen abgeliefert h\u00e4tte. Ich buchte gleich hier beim Araber ein Hotel in Sevilla und vereinbarte mit dem Hotel in Lissabon, dass sie das Handy auf dem schnellsten Weg in dieses Hotel schicken sollten (auf Kosten meiner Kreditkarte nat\u00fcrlich).<\/span>\r\n\r\n<span style=\"font-size: 16pt;\">Voller Zuversicht machte ich mich \u00fcber <em><a href=\"https:\/\/de.wikipedia.org\/wiki\/El_Roc%C3%ADo\">El Roc\u00edo<\/a><\/em> auf den Weg nach Sevilla.<\/span>\r\n\r\nngg_shortcode_1_placeholder\r\n\r\n<span style=\"font-family: courier new,courier; font-size: 20pt;\"><a href=\"http:\/\/www.strapp.de\/wordpress\/suedwesteuropa-mit-dem-roller-etappe-7\/\">Zum siebten Teil: Sevilla<\/a><\/span>\r\n\r\n&nbsp;\r\n<br class=\"\u201cclear\u201d\"><br class=\"\u201cclear\u201d\">","protected":false},"excerpt":{"rendered":"Aveiro bis Sevilla &nbsp; Bei Ankunft in Lissabon lagen knapp 4000 km hinter mir. Das Verkehrsaufkommen ist in Portugal von den vier bereisten L\u00e4ndern am geringsten. Das weitere Ranking zum jetzigen Zeitpunkt (abnehmende G\u00fcte in der angegebenen Reihenfolge) Preise: Portugal &hellip; <a href=\"https:\/\/strapp.de\/blog\/suedwesteuropa-mit-dem-roller-etappe-6\/\">Weiterlesen <span class=\"meta-nav\">&rarr;<\/span><\/a>","protected":false},"author":1,"featured_media":0,"parent":0,"menu_order":801,"comment_status":"closed","ping_status":"closed","template":"","meta":{"ngg_post_thumbnail":0,"footnotes":""},"class_list":["post-3101","page","type-page","status-publish","hentry"],"yoast_head":"<!-- This site is optimized with the Yoast SEO plugin v27.6 - https:\/\/yoast.com\/product\/yoast-seo-wordpress\/ -->\n<title>S\u00fcdwesteuropa mit dem Roller: Etappe 6\/Aveiro bis Sevilla\/<\/title>\n<meta name=\"robots\" content=\"index, follow, max-snippet:-1, max-image-preview:large, max-video-preview:-1\" \/>\n<link rel=\"canonical\" href=\"https:\/\/strapp.de\/blog\/suedwesteuropa-mit-dem-roller-etappe-6\/\" \/>\n<meta property=\"og:locale\" content=\"de_DE\" \/>\n<meta property=\"og:type\" content=\"article\" \/>\n<meta property=\"og:title\" content=\"S\u00fcdwesteuropa mit dem Roller: Etappe 6\/Aveiro bis Sevilla\/\" \/>\n<meta property=\"og:description\" content=\"Aveiro bis Sevilla &nbsp; Bei Ankunft in Lissabon lagen knapp 4000 km hinter mir. Das Verkehrsaufkommen ist in Portugal von den vier bereisten L\u00e4ndern am geringsten. Das weitere Ranking zum jetzigen Zeitpunkt (abnehmende G\u00fcte in der angegebenen Reihenfolge) Preise: Portugal &hellip; Weiterlesen &rarr;\" \/>\n<meta property=\"og:url\" content=\"https:\/\/strapp.de\/blog\/suedwesteuropa-mit-dem-roller-etappe-6\/\" \/>\n<meta property=\"og:site_name\" content=\"strappradblog\" \/>\n<meta property=\"article:modified_time\" content=\"2023-04-10T21:05:37+00:00\" \/>\n<meta name=\"twitter:card\" content=\"summary_large_image\" \/>\n<meta name=\"twitter:label1\" content=\"Gesch\u00e4tzte Lesezeit\" \/>\n\t<meta name=\"twitter:data1\" content=\"6\u00a0Minuten\" \/>\n<script type=\"application\/ld+json\" class=\"yoast-schema-graph\">{\"@context\":\"https:\\\/\\\/schema.org\",\"@graph\":[{\"@type\":\"WebPage\",\"@id\":\"https:\\\/\\\/strapp.de\\\/blog\\\/suedwesteuropa-mit-dem-roller-etappe-6\\\/\",\"url\":\"https:\\\/\\\/strapp.de\\\/blog\\\/suedwesteuropa-mit-dem-roller-etappe-6\\\/\",\"name\":\"S\u00fcdwesteuropa mit dem Roller: Etappe 6\\\/Aveiro bis Sevilla\\\/\",\"isPartOf\":{\"@id\":\"https:\\\/\\\/strapp.de\\\/blog\\\/#website\"},\"datePublished\":\"2016-11-14T23:56:47+00:00\",\"dateModified\":\"2023-04-10T21:05:37+00:00\",\"breadcrumb\":{\"@id\":\"https:\\\/\\\/strapp.de\\\/blog\\\/suedwesteuropa-mit-dem-roller-etappe-6\\\/#breadcrumb\"},\"inLanguage\":\"de\",\"potentialAction\":[{\"@type\":\"ReadAction\",\"target\":[\"https:\\\/\\\/strapp.de\\\/blog\\\/suedwesteuropa-mit-dem-roller-etappe-6\\\/\"]}]},{\"@type\":\"BreadcrumbList\",\"@id\":\"https:\\\/\\\/strapp.de\\\/blog\\\/suedwesteuropa-mit-dem-roller-etappe-6\\\/#breadcrumb\",\"itemListElement\":[{\"@type\":\"ListItem\",\"position\":1,\"name\":\"Startseite\",\"item\":\"https:\\\/\\\/www.strapp.de\\\/wordpress\\\/\"},{\"@type\":\"ListItem\",\"position\":2,\"name\":\"S\u00fcdwesteuropa mit dem Roller: Etappe 6\"}]},{\"@type\":\"WebSite\",\"@id\":\"https:\\\/\\\/strapp.de\\\/blog\\\/#website\",\"url\":\"https:\\\/\\\/strapp.de\\\/blog\\\/\",\"name\":\"strappradblog\",\"description\":\"siegfried trapp slowblog\",\"publisher\":{\"@id\":\"https:\\\/\\\/strapp.de\\\/blog\\\/#\\\/schema\\\/person\\\/59710c1e63ddfbccb993a17dbeb92abd\"},\"potentialAction\":[{\"@type\":\"SearchAction\",\"target\":{\"@type\":\"EntryPoint\",\"urlTemplate\":\"https:\\\/\\\/strapp.de\\\/blog\\\/?s={search_term_string}\"},\"query-input\":{\"@type\":\"PropertyValueSpecification\",\"valueRequired\":true,\"valueName\":\"search_term_string\"}}],\"inLanguage\":\"de\"},{\"@type\":[\"Person\",\"Organization\"],\"@id\":\"https:\\\/\\\/strapp.de\\\/blog\\\/#\\\/schema\\\/person\\\/59710c1e63ddfbccb993a17dbeb92abd\",\"name\":\"Siegfried Trapp\",\"image\":{\"@type\":\"ImageObject\",\"inLanguage\":\"de\",\"@id\":\"https:\\\/\\\/www.strapp.de\\\/wordpress\\\/wp-content\\\/uploads\\\/2019\\\/10\\\/favi.ico\",\"url\":\"https:\\\/\\\/www.strapp.de\\\/wordpress\\\/wp-content\\\/uploads\\\/2019\\\/10\\\/favi.ico\",\"contentUrl\":\"https:\\\/\\\/www.strapp.de\\\/wordpress\\\/wp-content\\\/uploads\\\/2019\\\/10\\\/favi.ico\",\"width\":16,\"height\":16,\"caption\":\"Siegfried Trapp\"},\"logo\":{\"@id\":\"https:\\\/\\\/www.strapp.de\\\/wordpress\\\/wp-content\\\/uploads\\\/2019\\\/10\\\/favi.ico\"},\"sameAs\":[\"http:\\\/\\\/www.strapp.de\"]}]}<\/script>\n<!-- \/ Yoast SEO plugin. -->","yoast_head_json":{"title":"S\u00fcdwesteuropa mit dem Roller: Etappe 6\/Aveiro bis Sevilla\/","robots":{"index":"index","follow":"follow","max-snippet":"max-snippet:-1","max-image-preview":"max-image-preview:large","max-video-preview":"max-video-preview:-1"},"canonical":"https:\/\/strapp.de\/blog\/suedwesteuropa-mit-dem-roller-etappe-6\/","og_locale":"de_DE","og_type":"article","og_title":"S\u00fcdwesteuropa mit dem Roller: Etappe 6\/Aveiro bis Sevilla\/","og_description":"Aveiro bis Sevilla &nbsp; Bei Ankunft in Lissabon lagen knapp 4000 km hinter mir. Das Verkehrsaufkommen ist in Portugal von den vier bereisten L\u00e4ndern am geringsten. Das weitere Ranking zum jetzigen Zeitpunkt (abnehmende G\u00fcte in der angegebenen Reihenfolge) Preise: Portugal &hellip; Weiterlesen &rarr;","og_url":"https:\/\/strapp.de\/blog\/suedwesteuropa-mit-dem-roller-etappe-6\/","og_site_name":"strappradblog","article_modified_time":"2023-04-10T21:05:37+00:00","twitter_card":"summary_large_image","twitter_misc":{"Gesch\u00e4tzte Lesezeit":"6\u00a0Minuten"},"schema":{"@context":"https:\/\/schema.org","@graph":[{"@type":"WebPage","@id":"https:\/\/strapp.de\/blog\/suedwesteuropa-mit-dem-roller-etappe-6\/","url":"https:\/\/strapp.de\/blog\/suedwesteuropa-mit-dem-roller-etappe-6\/","name":"S\u00fcdwesteuropa mit dem Roller: Etappe 6\/Aveiro bis Sevilla\/","isPartOf":{"@id":"https:\/\/strapp.de\/blog\/#website"},"datePublished":"2016-11-14T23:56:47+00:00","dateModified":"2023-04-10T21:05:37+00:00","breadcrumb":{"@id":"https:\/\/strapp.de\/blog\/suedwesteuropa-mit-dem-roller-etappe-6\/#breadcrumb"},"inLanguage":"de","potentialAction":[{"@type":"ReadAction","target":["https:\/\/strapp.de\/blog\/suedwesteuropa-mit-dem-roller-etappe-6\/"]}]},{"@type":"BreadcrumbList","@id":"https:\/\/strapp.de\/blog\/suedwesteuropa-mit-dem-roller-etappe-6\/#breadcrumb","itemListElement":[{"@type":"ListItem","position":1,"name":"Startseite","item":"https:\/\/www.strapp.de\/wordpress\/"},{"@type":"ListItem","position":2,"name":"S\u00fcdwesteuropa mit dem Roller: Etappe 6"}]},{"@type":"WebSite","@id":"https:\/\/strapp.de\/blog\/#website","url":"https:\/\/strapp.de\/blog\/","name":"strappradblog","description":"siegfried trapp slowblog","publisher":{"@id":"https:\/\/strapp.de\/blog\/#\/schema\/person\/59710c1e63ddfbccb993a17dbeb92abd"},"potentialAction":[{"@type":"SearchAction","target":{"@type":"EntryPoint","urlTemplate":"https:\/\/strapp.de\/blog\/?s={search_term_string}"},"query-input":{"@type":"PropertyValueSpecification","valueRequired":true,"valueName":"search_term_string"}}],"inLanguage":"de"},{"@type":["Person","Organization"],"@id":"https:\/\/strapp.de\/blog\/#\/schema\/person\/59710c1e63ddfbccb993a17dbeb92abd","name":"Siegfried Trapp","image":{"@type":"ImageObject","inLanguage":"de","@id":"https:\/\/www.strapp.de\/wordpress\/wp-content\/uploads\/2019\/10\/favi.ico","url":"https:\/\/www.strapp.de\/wordpress\/wp-content\/uploads\/2019\/10\/favi.ico","contentUrl":"https:\/\/www.strapp.de\/wordpress\/wp-content\/uploads\/2019\/10\/favi.ico","width":16,"height":16,"caption":"Siegfried Trapp"},"logo":{"@id":"https:\/\/www.strapp.de\/wordpress\/wp-content\/uploads\/2019\/10\/favi.ico"},"sameAs":["http:\/\/www.strapp.de"]}]}},"_links":{"self":[{"href":"https:\/\/strapp.de\/blog\/wp-json\/wp\/v2\/pages\/3101","targetHints":{"allow":["GET"]}}],"collection":[{"href":"https:\/\/strapp.de\/blog\/wp-json\/wp\/v2\/pages"}],"about":[{"href":"https:\/\/strapp.de\/blog\/wp-json\/wp\/v2\/types\/page"}],"author":[{"embeddable":true,"href":"https:\/\/strapp.de\/blog\/wp-json\/wp\/v2\/users\/1"}],"replies":[{"embeddable":true,"href":"https:\/\/strapp.de\/blog\/wp-json\/wp\/v2\/comments?post=3101"}],"version-history":[{"count":48,"href":"https:\/\/strapp.de\/blog\/wp-json\/wp\/v2\/pages\/3101\/revisions"}],"predecessor-version":[{"id":6143,"href":"https:\/\/strapp.de\/blog\/wp-json\/wp\/v2\/pages\/3101\/revisions\/6143"}],"wp:attachment":[{"href":"https:\/\/strapp.de\/blog\/wp-json\/wp\/v2\/media?parent=3101"}],"curies":[{"name":"wp","href":"https:\/\/api.w.org\/{rel}","templated":true}]}}