{"id":2740,"date":"2016-11-12T19:51:23","date_gmt":"2016-11-12T19:51:23","guid":{"rendered":"http:\/\/www.strapp.de\/wordpress\/?page_id=2740"},"modified":"2025-01-05T20:36:10","modified_gmt":"2025-01-05T20:36:10","slug":"suedwesteuropa-mit-dem-roller-etappe-3","status":"publish","type":"page","link":"https:\/\/strapp.de\/blog\/suedwesteuropa-mit-dem-roller-etappe-3\/","title":{"rendered":"S\u00fcdwesteuropa mit dem Roller: Etappe 3"},"content":{"rendered":"<span style=\"font-family: courier new,courier; font-size: 24pt;\">Montpellier bis Carcasonne<\/span>\r\n<span style=\"font-size: 16pt;\">\r\n<br class=\"\u201cclear\u201d\">Inzwischen hatte ich 1.500 km zur\u00fcckgelegt.<\/span>\r\n\r\n<br class=\"\u201cclear\u201d\"><span style=\"font-size: 16pt;\">Auch der<a href=\"https:\/\/de.wikipedia.org\/wiki\/Les_Mousquetaires\"> Intermarch\u00e9<\/a> in<em> Lunel<\/em> ist gro\u00df und un\u00fcbersichtlich, und es dauert immer, bis ich meine Eink\u00e4ufe f\u00fcr unterwegs zusammen habe. Dann aber los, Richtung<em> Frontignan<\/em>, ich checke am Ortsausgang von<em> Lunel<\/em> noch mal das Navi.<\/span>\r\n<br class=\"\u201cclear\u201d\"><br class=\"\u201cclear\u201d\"><span style=\"font-size: 16pt;\">Danach sprang der Roller nicht mehr an. Alle elektrischen Anzeigen auf Null. Ich stand am Stra\u00dfenrand in der prallen Sonne, der starke Verkehr rauschte an mir vorbei. Ich versuchte den Roller mit dem Kickstarter in Gang zu bringen, das klappte nach dem vierten Mal, und fuhr zur n\u00e4chsten Tankstelle; Licht und Blinker funktionierten w\u00e4hrend der Fahrt nicht. An der Tankstelle startete der Roller auch mit dem Kickstarter nicht mehr.<\/span>\r\n<br class=\"\u201cclear\u201d\"><br class=\"\u201cclear\u201d\"><span style=\"font-size: 16pt;\">Benzin fehlte nicht. Nun muss man wissen, dass die Tankstellen in Frankreich \u00fcberwiegend kein Personal haben, automatisiert sind, man steckt erst die Bankkarte ein, gibt seine Daten ein und tankt danach. Es war Sonntag, kein Mensch weit und breit. Ich suchte auf dem kahlen asphaltierten Platz einen Schatten auf. In diesen Momenten will einen Panik ummanteln, ich kannte dies schon zur Gen\u00fcge, auf diesen Seiten ist auch schon mehrfach dar\u00fcber berichtet worden (ich war liegengeblieben mit diversen Fahrzeugen, u.a. in der<a href=\"http:\/\/www.strapp.de\/ecuador%200.htm\"> Ecuadorzeit<\/a> mit meinem <a href=\"http:\/\/www.strapp.de\/ecuador%2026.htm\">Renegade CJ5-Jeep auf dem <em>Chimborazo<\/em><\/a> sowie im Amazonastiefbecken, in der Bolivienzeit mit meinem <a href=\"https:\/\/www.strapp.de\/motorradreise%201.htm\">Motocrossmotorrad<\/a> in Innerbolivien, mit meinem Montero-Gel\u00e4ndewagen <a href=\"https:\/\/www.strapp.de\/reisebesch.htm\">zwischen Argentinien und Chile<\/a>).<\/span>\r\n<br class=\"\u201cclear\u201d\"><br class=\"\u201cclear\u201d\"><span style=\"font-size: 16pt;\">Ich schnallte das Gep\u00e4ck ab, trat den Kickstarter wohl an die 50 mal durch: <em>Rien ne va plus<\/em>. Ich schraubte die Batterieabdeckung ab: Nichts zu sehen. Also Batterieabdeckung wieder zu, dabei drehte ich aus Versehen eine Schraube in ein darunterliegendes Kabel, so dass Funken spr\u00fchten.<\/span>\r\n<br class=\"\u201cclear\u201d\"><span style=\"font-size: 16pt;\">Auf diese Weise kann man <strong>auch<\/strong> nachpr\u00fcfen, ob die Batterie geladen ist.<\/span>\r\n<br class=\"\u201cclear\u201d\"><br class=\"\u201cclear\u201d\"><span style=\"font-size: 16pt;\">Der Manager meiner Absteige spricht gut Englisch, vielleicht hilft mir der weiter. Also schob ich den Roller samt Gep\u00e4ck (insgesamt etwa 160 kg) \u00fcber einen halben Kilometer zur\u00fcck zur Absteige. Das Hotel war geschlossen, ich stand in der br\u00fctenden Mittagshitze. Nach einer Stunde kam die Putzfrau, die rief den Manager an, der kam nach wiederum einer Stunde und war sehr hilfreich, erbot sich f\u00fcr mich am n\u00e4chsten Werktag in <em>Montpellier<\/em> anzurufen (dort gab es einen H\u00e4ndler meiner Rollermarke) und auch eventuell den Roller mit einem Anh\u00e4nger die etwa 25 km bis <em>Montpellier<\/em> zu transportieren. Allerdings war am n\u00e4chsten Tag Maria Himmelfahrt. Da <span class=\"st\"> in Frankreich ein Gro\u00dfteil der Bev\u00f6lkerung der katholischen Kirche angeh\u00f6rt, ist <em>Mari\u00e4 Himmelfahrt<\/em> ein gesetzlicher Feiertag. Das hie\u00dfe, das ich geschlagene drei Tage in Lunel verbringen m\u00fcsste, und<em> <a href=\"https:\/\/de.wikipedia.org\/wiki\/Lunel\">Lunel<\/a><\/em> bietet, gelinde gesagt, wenig.<\/span><\/span>\r\n<br class=\"\u201cclear\u201d\"><br class=\"\u201cclear\u201d\"><span style=\"font-size: 16pt;\">Mich wandelte die Lust an, in <em>Montpellier<\/em> beim H\u00e4ndler den Roller zu verkaufen versuchen, mich von der Abh\u00e4ngigkeit von der Technik zu befreien, mit der Bahn heim zu reisen, in sichere Verh\u00e4ltnisse ohne Sprachprobleme (mein Franz\u00f6sisch beschr\u00e4nkt sich auf eine gute handvoll Worte), in vertraute Infrastrukturen.<\/span>\r\n<br class=\"\u201cclear\u201d\"><span style=\"font-size: 16pt;\">Am sp\u00e4ten Nachmittag hatte ich dann eine gr\u00f6\u00dfere innere Ruhe und schraubte noch einmal den Batteriekasten auf, isolierte das Kabel neu, das ich vormittags besch\u00e4digt hatte, und \u00f6ffnete mit M\u00fche zwei plastikummantelte Geh\u00e4use: Sie enthielten jeweils eine Sicherung, von denen eine 7A-Sicherung nach mehrmaligem Hinsehen tats\u00e4chlich durchgebrannt war. Weshalb? Betrieb des Navis \u00fcber die 12V-Buchse bei abgeschaltetem Motor? Ersatzsicherungen waren daneben vorhanden, und: Der Roller sprang an.<\/span>\r\n<br class=\"\u201cclear\u201d\"><br class=\"\u201cclear\u201d\"><span style=\"font-size: 16pt;\">Es war allerdings schon zu sp\u00e4t zum Weiterfahren. Vielleicht wollte der Roller auch nur, dass ich langsamer mache, mich zur Ruhe zwingen, meinen Sonnenbrand an Hals und Oberarm ausheilen.<\/span>\r\n<br class=\"\u201cclear\u201d\"><span style=\"font-size: 16pt;\">Die Reisen, bei denen der Weg das Ziel ist, sind praktisch immer von Aufs und Abs begleitet, durch verschiedenste Umst\u00e4nde verursacht.<\/span>\r\n<br class=\"\u201cclear\u201d\"><br class=\"\u201cclear\u201d\"><span style=\"font-size: 16pt;\">Der Adler flog wieder, ich verlie\u00df das Mittelmeer und begann am Fu\u00dfe der Pyren\u00e4en nach Westen zu queren, auf bergigen halb-Asphalt-halb-Erdstr\u00e4\u00dfchen, wobei auch mal eine Regenwand von den Pyren\u00e4en her drohte oder die Benzinanzeige rapide gegen Null sank und mir kein Mensch und kein Auto begegnete. Es reichte aber immer gerade so und in <em>Carcasonne<\/em> bekam ich im Hotel zu sehr akzeptablem Preis ein komplettes Studio mit SZ, WZ und K\u00fcche, und das auch noch direkt unterhalb der Festung &#8222;<a href=\"https:\/\/de.wikipedia.org\/wiki\/Cit%C3%A9_von_Carcassonne\">Cit\u00e9 de Carcasonne<\/a>&#8222;, keine 400m Fu\u00dfweg.<\/span>\r\n\r\n<span style=\"font-size: 16pt;\">ngg_shortcode_0_placeholder<\/span>\r\n\r\n<span style=\"font-size: 16pt;\">Die Festung ist monumental und h\u00f6chst beeindruckend, vor allem im rosigen Abendlicht. Heerscharen von Touristen durchzogen die Festung, in der es ein Unmenge von Restaurants gibt.<\/span>\r\n\r\n<div id=\"attachment_2932\" style=\"width: 1673px\" class=\"wp-caption alignnone\"><img loading=\"lazy\" decoding=\"async\" aria-describedby=\"caption-attachment-2932\" class=\"size-full wp-image-2932\" src=\"http:\/\/www.strapp.de\/wordpress\/wp-content\/uploads\/2016\/11\/P1020547.jpg\" alt=\"Cite de Carcasonne\" width=\"1663\" height=\"1168\" srcset=\"https:\/\/strapp.de\/blog\/wp-content\/uploads\/2016\/11\/P1020547.jpg 1663w, https:\/\/strapp.de\/blog\/wp-content\/uploads\/2016\/11\/P1020547-300x211.jpg 300w, https:\/\/strapp.de\/blog\/wp-content\/uploads\/2016\/11\/P1020547-1024x719.jpg 1024w, https:\/\/strapp.de\/blog\/wp-content\/uploads\/2016\/11\/P1020547-427x300.jpg 427w\" sizes=\"auto, (max-width: 1663px) 100vw, 1663px\" \/><p id=\"caption-attachment-2932\" class=\"wp-caption-text\">Cite de Carcasonne<\/p><\/div>\r\n\r\n<span style=\"font-size: 16pt;\">In Deutschland sind \u00fcblicherweise solche Massenrestaurants nicht nur \u00fcberteuert, sondern auch von schlechter Qualit\u00e4t. Nicht so im &#8222;Flagrant des Lices&#8220;: Schneller Service, gutes Essen.<\/span>\r\n<br class=\"\u201cclear\u201d\"><span style=\"font-size: 16pt;\">Frankreich halt.<\/span>\r\n<br class=\"\u201cclear\u201d\"><br class=\"\u201cclear\u201d\"><span style=\"font-family: courier new,courier; font-size: 20pt;\"><a href=\"http:\/\/www.strapp.de\/wordpress\/suedwesteuropa-mit-dem-roller-etappe-4\/\">Zum vierten Teil: Carcasonne bis Laredo<\/a><\/span>\r\n<br class=\"\u201cclear\u201d\"><br class=\"\u201cclear\u201d\"><br class=\"\u201cclear\u201d\"><br class=\"\u201cclear\u201d\">","protected":false},"excerpt":{"rendered":"Montpellier bis Carcasonne Inzwischen hatte ich 1.500 km zur\u00fcckgelegt. Auch der Intermarch\u00e9 in Lunel ist gro\u00df und un\u00fcbersichtlich, und es dauert immer, bis ich meine Eink\u00e4ufe f\u00fcr unterwegs zusammen habe. Dann aber los, Richtung Frontignan, ich checke am Ortsausgang von &hellip; <a href=\"https:\/\/strapp.de\/blog\/suedwesteuropa-mit-dem-roller-etappe-3\/\">Weiterlesen <span class=\"meta-nav\">&rarr;<\/span><\/a>","protected":false},"author":1,"featured_media":0,"parent":0,"menu_order":801,"comment_status":"closed","ping_status":"closed","template":"","meta":{"ngg_post_thumbnail":0,"footnotes":""},"class_list":["post-2740","page","type-page","status-publish","hentry"],"yoast_head":"<!-- This site is optimized with the Yoast SEO plugin v27.4 - https:\/\/yoast.com\/product\/yoast-seo-wordpress\/ -->\n<title>S\u00fcdwesteuropa mit dem Roller: Etappe 3\/Montpellier bis Carcasonne\/<\/title>\n<meta name=\"robots\" content=\"index, follow, max-snippet:-1, max-image-preview:large, max-video-preview:-1\" \/>\n<link rel=\"canonical\" href=\"https:\/\/strapp.de\/blog\/suedwesteuropa-mit-dem-roller-etappe-3\/\" \/>\n<meta property=\"og:locale\" content=\"de_DE\" \/>\n<meta property=\"og:type\" content=\"article\" \/>\n<meta property=\"og:title\" content=\"S\u00fcdwesteuropa mit dem Roller: Etappe 3\/Montpellier bis Carcasonne\/\" \/>\n<meta property=\"og:description\" content=\"Montpellier bis Carcasonne Inzwischen hatte ich 1.500 km zur\u00fcckgelegt. Auch der Intermarch\u00e9 in Lunel ist gro\u00df und un\u00fcbersichtlich, und es dauert immer, bis ich meine Eink\u00e4ufe f\u00fcr unterwegs zusammen habe. Dann aber los, Richtung Frontignan, ich checke am Ortsausgang von &hellip; Weiterlesen &rarr;\" \/>\n<meta property=\"og:url\" content=\"https:\/\/strapp.de\/blog\/suedwesteuropa-mit-dem-roller-etappe-3\/\" \/>\n<meta property=\"og:site_name\" content=\"strappradblog\" \/>\n<meta property=\"article:modified_time\" content=\"2025-01-05T20:36:10+00:00\" \/>\n<meta property=\"og:image\" content=\"http:\/\/www.strapp.de\/wordpress\/wp-content\/uploads\/2016\/11\/P1020547.jpg\" \/>\n<meta name=\"twitter:card\" content=\"summary_large_image\" \/>\n<meta name=\"twitter:label1\" content=\"Gesch\u00e4tzte Lesezeit\" \/>\n\t<meta name=\"twitter:data1\" content=\"5\u00a0Minuten\" \/>\n<script type=\"application\/ld+json\" class=\"yoast-schema-graph\">{\"@context\":\"https:\\\/\\\/schema.org\",\"@graph\":[{\"@type\":\"WebPage\",\"@id\":\"https:\\\/\\\/strapp.de\\\/blog\\\/suedwesteuropa-mit-dem-roller-etappe-3\\\/\",\"url\":\"https:\\\/\\\/strapp.de\\\/blog\\\/suedwesteuropa-mit-dem-roller-etappe-3\\\/\",\"name\":\"S\u00fcdwesteuropa mit dem Roller: Etappe 3\\\/Montpellier bis Carcasonne\\\/\",\"isPartOf\":{\"@id\":\"https:\\\/\\\/strapp.de\\\/blog\\\/#website\"},\"primaryImageOfPage\":{\"@id\":\"https:\\\/\\\/strapp.de\\\/blog\\\/suedwesteuropa-mit-dem-roller-etappe-3\\\/#primaryimage\"},\"image\":{\"@id\":\"https:\\\/\\\/strapp.de\\\/blog\\\/suedwesteuropa-mit-dem-roller-etappe-3\\\/#primaryimage\"},\"thumbnailUrl\":\"http:\\\/\\\/www.strapp.de\\\/wordpress\\\/wp-content\\\/uploads\\\/2016\\\/11\\\/P1020547.jpg\",\"datePublished\":\"2016-11-12T19:51:23+00:00\",\"dateModified\":\"2025-01-05T20:36:10+00:00\",\"breadcrumb\":{\"@id\":\"https:\\\/\\\/strapp.de\\\/blog\\\/suedwesteuropa-mit-dem-roller-etappe-3\\\/#breadcrumb\"},\"inLanguage\":\"de\",\"potentialAction\":[{\"@type\":\"ReadAction\",\"target\":[\"https:\\\/\\\/strapp.de\\\/blog\\\/suedwesteuropa-mit-dem-roller-etappe-3\\\/\"]}]},{\"@type\":\"ImageObject\",\"inLanguage\":\"de\",\"@id\":\"https:\\\/\\\/strapp.de\\\/blog\\\/suedwesteuropa-mit-dem-roller-etappe-3\\\/#primaryimage\",\"url\":\"http:\\\/\\\/www.strapp.de\\\/wordpress\\\/wp-content\\\/uploads\\\/2016\\\/11\\\/P1020547.jpg\",\"contentUrl\":\"http:\\\/\\\/www.strapp.de\\\/wordpress\\\/wp-content\\\/uploads\\\/2016\\\/11\\\/P1020547.jpg\"},{\"@type\":\"BreadcrumbList\",\"@id\":\"https:\\\/\\\/strapp.de\\\/blog\\\/suedwesteuropa-mit-dem-roller-etappe-3\\\/#breadcrumb\",\"itemListElement\":[{\"@type\":\"ListItem\",\"position\":1,\"name\":\"Startseite\",\"item\":\"https:\\\/\\\/www.strapp.de\\\/wordpress\\\/\"},{\"@type\":\"ListItem\",\"position\":2,\"name\":\"S\u00fcdwesteuropa mit dem Roller: Etappe 3\"}]},{\"@type\":\"WebSite\",\"@id\":\"https:\\\/\\\/strapp.de\\\/blog\\\/#website\",\"url\":\"https:\\\/\\\/strapp.de\\\/blog\\\/\",\"name\":\"strappradblog\",\"description\":\"siegfried trapp slowblog\",\"publisher\":{\"@id\":\"https:\\\/\\\/strapp.de\\\/blog\\\/#\\\/schema\\\/person\\\/59710c1e63ddfbccb993a17dbeb92abd\"},\"potentialAction\":[{\"@type\":\"SearchAction\",\"target\":{\"@type\":\"EntryPoint\",\"urlTemplate\":\"https:\\\/\\\/strapp.de\\\/blog\\\/?s={search_term_string}\"},\"query-input\":{\"@type\":\"PropertyValueSpecification\",\"valueRequired\":true,\"valueName\":\"search_term_string\"}}],\"inLanguage\":\"de\"},{\"@type\":[\"Person\",\"Organization\"],\"@id\":\"https:\\\/\\\/strapp.de\\\/blog\\\/#\\\/schema\\\/person\\\/59710c1e63ddfbccb993a17dbeb92abd\",\"name\":\"Siegfried Trapp\",\"image\":{\"@type\":\"ImageObject\",\"inLanguage\":\"de\",\"@id\":\"https:\\\/\\\/www.strapp.de\\\/wordpress\\\/wp-content\\\/uploads\\\/2019\\\/10\\\/favi.ico\",\"url\":\"https:\\\/\\\/www.strapp.de\\\/wordpress\\\/wp-content\\\/uploads\\\/2019\\\/10\\\/favi.ico\",\"contentUrl\":\"https:\\\/\\\/www.strapp.de\\\/wordpress\\\/wp-content\\\/uploads\\\/2019\\\/10\\\/favi.ico\",\"width\":16,\"height\":16,\"caption\":\"Siegfried Trapp\"},\"logo\":{\"@id\":\"https:\\\/\\\/www.strapp.de\\\/wordpress\\\/wp-content\\\/uploads\\\/2019\\\/10\\\/favi.ico\"},\"sameAs\":[\"http:\\\/\\\/www.strapp.de\"]}]}<\/script>\n<!-- \/ Yoast SEO plugin. -->","yoast_head_json":{"title":"S\u00fcdwesteuropa mit dem Roller: Etappe 3\/Montpellier bis Carcasonne\/","robots":{"index":"index","follow":"follow","max-snippet":"max-snippet:-1","max-image-preview":"max-image-preview:large","max-video-preview":"max-video-preview:-1"},"canonical":"https:\/\/strapp.de\/blog\/suedwesteuropa-mit-dem-roller-etappe-3\/","og_locale":"de_DE","og_type":"article","og_title":"S\u00fcdwesteuropa mit dem Roller: Etappe 3\/Montpellier bis Carcasonne\/","og_description":"Montpellier bis Carcasonne Inzwischen hatte ich 1.500 km zur\u00fcckgelegt. Auch der Intermarch\u00e9 in Lunel ist gro\u00df und un\u00fcbersichtlich, und es dauert immer, bis ich meine Eink\u00e4ufe f\u00fcr unterwegs zusammen habe. Dann aber los, Richtung Frontignan, ich checke am Ortsausgang von &hellip; Weiterlesen &rarr;","og_url":"https:\/\/strapp.de\/blog\/suedwesteuropa-mit-dem-roller-etappe-3\/","og_site_name":"strappradblog","article_modified_time":"2025-01-05T20:36:10+00:00","og_image":[{"url":"http:\/\/www.strapp.de\/wordpress\/wp-content\/uploads\/2016\/11\/P1020547.jpg","type":"","width":"","height":""}],"twitter_card":"summary_large_image","twitter_misc":{"Gesch\u00e4tzte Lesezeit":"5\u00a0Minuten"},"schema":{"@context":"https:\/\/schema.org","@graph":[{"@type":"WebPage","@id":"https:\/\/strapp.de\/blog\/suedwesteuropa-mit-dem-roller-etappe-3\/","url":"https:\/\/strapp.de\/blog\/suedwesteuropa-mit-dem-roller-etappe-3\/","name":"S\u00fcdwesteuropa mit dem Roller: Etappe 3\/Montpellier bis Carcasonne\/","isPartOf":{"@id":"https:\/\/strapp.de\/blog\/#website"},"primaryImageOfPage":{"@id":"https:\/\/strapp.de\/blog\/suedwesteuropa-mit-dem-roller-etappe-3\/#primaryimage"},"image":{"@id":"https:\/\/strapp.de\/blog\/suedwesteuropa-mit-dem-roller-etappe-3\/#primaryimage"},"thumbnailUrl":"http:\/\/www.strapp.de\/wordpress\/wp-content\/uploads\/2016\/11\/P1020547.jpg","datePublished":"2016-11-12T19:51:23+00:00","dateModified":"2025-01-05T20:36:10+00:00","breadcrumb":{"@id":"https:\/\/strapp.de\/blog\/suedwesteuropa-mit-dem-roller-etappe-3\/#breadcrumb"},"inLanguage":"de","potentialAction":[{"@type":"ReadAction","target":["https:\/\/strapp.de\/blog\/suedwesteuropa-mit-dem-roller-etappe-3\/"]}]},{"@type":"ImageObject","inLanguage":"de","@id":"https:\/\/strapp.de\/blog\/suedwesteuropa-mit-dem-roller-etappe-3\/#primaryimage","url":"http:\/\/www.strapp.de\/wordpress\/wp-content\/uploads\/2016\/11\/P1020547.jpg","contentUrl":"http:\/\/www.strapp.de\/wordpress\/wp-content\/uploads\/2016\/11\/P1020547.jpg"},{"@type":"BreadcrumbList","@id":"https:\/\/strapp.de\/blog\/suedwesteuropa-mit-dem-roller-etappe-3\/#breadcrumb","itemListElement":[{"@type":"ListItem","position":1,"name":"Startseite","item":"https:\/\/www.strapp.de\/wordpress\/"},{"@type":"ListItem","position":2,"name":"S\u00fcdwesteuropa mit dem Roller: Etappe 3"}]},{"@type":"WebSite","@id":"https:\/\/strapp.de\/blog\/#website","url":"https:\/\/strapp.de\/blog\/","name":"strappradblog","description":"siegfried trapp slowblog","publisher":{"@id":"https:\/\/strapp.de\/blog\/#\/schema\/person\/59710c1e63ddfbccb993a17dbeb92abd"},"potentialAction":[{"@type":"SearchAction","target":{"@type":"EntryPoint","urlTemplate":"https:\/\/strapp.de\/blog\/?s={search_term_string}"},"query-input":{"@type":"PropertyValueSpecification","valueRequired":true,"valueName":"search_term_string"}}],"inLanguage":"de"},{"@type":["Person","Organization"],"@id":"https:\/\/strapp.de\/blog\/#\/schema\/person\/59710c1e63ddfbccb993a17dbeb92abd","name":"Siegfried Trapp","image":{"@type":"ImageObject","inLanguage":"de","@id":"https:\/\/www.strapp.de\/wordpress\/wp-content\/uploads\/2019\/10\/favi.ico","url":"https:\/\/www.strapp.de\/wordpress\/wp-content\/uploads\/2019\/10\/favi.ico","contentUrl":"https:\/\/www.strapp.de\/wordpress\/wp-content\/uploads\/2019\/10\/favi.ico","width":16,"height":16,"caption":"Siegfried Trapp"},"logo":{"@id":"https:\/\/www.strapp.de\/wordpress\/wp-content\/uploads\/2019\/10\/favi.ico"},"sameAs":["http:\/\/www.strapp.de"]}]}},"_links":{"self":[{"href":"https:\/\/strapp.de\/blog\/wp-json\/wp\/v2\/pages\/2740","targetHints":{"allow":["GET"]}}],"collection":[{"href":"https:\/\/strapp.de\/blog\/wp-json\/wp\/v2\/pages"}],"about":[{"href":"https:\/\/strapp.de\/blog\/wp-json\/wp\/v2\/types\/page"}],"author":[{"embeddable":true,"href":"https:\/\/strapp.de\/blog\/wp-json\/wp\/v2\/users\/1"}],"replies":[{"embeddable":true,"href":"https:\/\/strapp.de\/blog\/wp-json\/wp\/v2\/comments?post=2740"}],"version-history":[{"count":61,"href":"https:\/\/strapp.de\/blog\/wp-json\/wp\/v2\/pages\/2740\/revisions"}],"predecessor-version":[{"id":6239,"href":"https:\/\/strapp.de\/blog\/wp-json\/wp\/v2\/pages\/2740\/revisions\/6239"}],"wp:attachment":[{"href":"https:\/\/strapp.de\/blog\/wp-json\/wp\/v2\/media?parent=2740"}],"curies":[{"name":"wp","href":"https:\/\/api.w.org\/{rel}","templated":true}]}}