{"id":2696,"date":"2016-11-11T19:25:58","date_gmt":"2016-11-11T19:25:58","guid":{"rendered":"http:\/\/www.strapp.de\/wordpress\/?page_id=2696"},"modified":"2025-09-13T22:59:10","modified_gmt":"2025-09-13T22:59:10","slug":"suedwesteuropa-mit-dem-roller-etappe-2","status":"publish","type":"page","link":"https:\/\/strapp.de\/blog\/suedwesteuropa-mit-dem-roller-etappe-2\/","title":{"rendered":"S\u00fcdwesteuropa mit dem Roller: Etappe 2"},"content":{"rendered":"<span style=\"font-family: courier new,courier; font-size: 24pt;\">Lyon bis Montpellier<\/span>\r\n<span style=\"font-size: 16pt;\">Frankreich ist teurer als Deutschland: Die Hotels, die Restaurants, die Superm\u00e4rkte.<\/span>\r\n<br class=\"\u201cclear\u201d\"><span style=\"font-size: 16pt;\">Im Schnitt lege ich momentan t\u00e4glich etwa 230 km zur\u00fcck. Viele Stunden auf dem Roller, nach mehr als acht dr\u00f6hnt allerdings der ganze K\u00f6rper. Erste Zypressen tauchen auf, provenzalische Landschaft durch Weinfelder, warm: Im T-Shirt fahren. Die r\u00f6mischen Arenen, <span style=\"color: #333399;\"><a style=\"color: #333399;\" href=\"https:\/\/de.wikipedia.org\/wiki\/Orange_(Vaucluse)\">Orange<\/a><\/span>, \u00fcber <span style=\"color: #333399;\"><a style=\"color: #333399;\" href=\"https:\/\/de.wikipedia.org\/wiki\/Ch%C3%A2teauneuf-du-Pape_(Weinbaugebiet)\">Chateau-Neuf-du-Pape<\/a><\/span> nach<span style=\"color: #333399;\"><a style=\"color: #333399;\" href=\"https:\/\/de.wikipedia.org\/wiki\/Avignon\"> Avignon<\/a><\/span>, dessen ber\u00fchmte Br\u00fccke, <span style=\"color: #333399;\"><a style=\"color: #333399;\" href=\"https:\/\/de.wikipedia.org\/wiki\/Arles\">Arles<\/a><\/span>.<\/span>\r\n\r\n<span style=\"font-size: 16pt;\">ngg_shortcode_0_placeholder<span style=\"color: #333399;\"><a style=\"color: #333399;\" href=\"http:\/\/www.strapp.de\/orange\"><em>Infos und weitere Bilder zum r\u00f6mischen Theater in Orange<\/em><\/a><\/span><\/span>\r\n<br class=\"\u201cclear\u201d\"><br class=\"\u201cclear\u201d\"><span style=\"font-size: 16pt;\">Dann nach <span style=\"color: #333399;\"><a style=\"color: #333399;\" href=\"https:\/\/de.wikipedia.org\/wiki\/Saintes-Maries-de-la-Mer\">Saintes-Maries-de-la-Mer<\/a><\/span>.<\/span>\r\n<br class=\"\u201cclear\u201d\"><span style=\"font-size: 16pt;\">Es war das letzte Ferienwochenende in Frankreich, und so hatten auch gef\u00fchlt Hunderttausend Franzosen vor, es auszunutzen, eine endlose Blechkarawane ergoss sich in Richtung Meer, und ich schwamm darin, bzw. war ein Str\u00f6mungshindernis mit meiner Reisegeschwindigkeit von bremsenden 60 bis 80 Stundenkilometern. Viele Franzosen halten keinen seitlichen Abstand beim \u00dcberholen; das nervt.<\/span>\r\n\r\n<span style=\"font-size: 16pt;\">In Stes. Maries suchte ich den Campingplatz des <a href=\"http:\/\/www.strapp.de\/radreise%2014.htm\"><span style=\"color: #333399;\">Zeltfluges von 1983<\/span> <\/a>auf (ich denke&nbsp; wenigstens dass es dieser war, es gibt inzwischen mehrere), und versuchte dann den Ort schnellstm\u00f6glich zu verlassen: Vollgelaufen mit Touristen, aufgebl\u00e4ht gegen\u00fcber vor 33 Jahren. Und Staus, das hatte ich aber auch schon in Arles gehabt.<\/span>\r\n\r\n<span style=\"font-size: 16pt;\">Das letzte Ferienwochenende in Frankreich bescherte mir dann noch eine b\u00f6se \u00dcberraschung: Zum ersten Mal waren bei den g\u00e4ngigen Online-Hotelbuchern alle Hotels in 50 km Umgebung ausgebucht. Ich probierte es danach bei einem Onlinedienst, der private Unterk\u00fcnfte vermittelt: Zwei Absagen bei angebotenen Unterk\u00fcnften, zwei antworten nicht. Bei einer Unterkunft forderte mich der Onlineanbieter auf, in ein etwa 30 km entferntes D\u00f6rfchen zu fahren. Nach einigen Kilometern \u00fcber einspurige Wege durch Weinfelder checkte ich nochmal die Nachrichten des Onlineanbieters: Absage jetzt. Im Niemandsland suchte ich erneut online nach einer Unterkunft: Nichts. Es wurde k\u00fchler, die Sonne war am Untergehen: In den Weinfeldern pennen? Liegematte und Sommerschlafsack hatte ich f\u00fcr Notf\u00e4lle dabei, aber kein Essen, und die Aussicht, den Roller irgendwo ins Weinfeld zu schieben und dort zu schlafen, behagte mir nicht.<\/span>\r\n\r\n<span style=\"font-size: 16pt;\">\u00dcbrigens war bei den Online-Hotelanbietern bei einigen dann doch jeweils ein einzelnes Zimmer frei, in normalen 3- oder 4-Sternehotels, f\u00fcr schlappe zwischen 320 und 1050 \u20ac, meist um die 500 \u20ac herum. Das sieht nach einem perversen Gesch\u00e4ftsmodell aus, das Notlagen ausnutzen m\u00f6chte.<\/span>\r\n\r\n<span style=\"font-size: 16pt;\">Nichts frei in <span style=\"color: #333399;\"><a style=\"color: #333399;\" href=\"https:\/\/de.wikipedia.org\/wiki\/N%C3%AEmes\"><span class=\"st\"><em>N\u00eemes<\/em><\/span><\/a><\/span>, nichts in <span style=\"color: #333399;\"><a style=\"color: #333399;\" href=\"https:\/\/de.wikipedia.org\/wiki\/Montpellier\"><em>Montpellier<\/em><\/a><\/span>. Ich entschloss mich dazu, in den n\u00e4chsten in meiner Fahrtrichtung gelegenen Ortschaften mit Hilfe von Internetinformationen Hotels aufzusuchen, die nicht bei den Online-Hotelbuchungsunternehmen gef\u00fchrt waren. Nichts in <span style=\"color: #333399;\"><a style=\"color: #333399;\" href=\"https:\/\/de.wikipedia.org\/wiki\/Le_Grau-du-Roi\"><em>Grau-du-Roi<\/em><\/a><\/span>, nichts in <em><span style=\"color: #333399;\"><a style=\"color: #333399;\" href=\"https:\/\/de.wikipedia.org\/wiki\/La_Grande-Motte\">La Grande-Motte<\/a><\/span>. <\/em>Der n\u00e4chste Ort in meiner Richtung war dann <span style=\"color: #333399;\"><a style=\"color: #333399;\" href=\"https:\/\/de.wikipedia.org\/wiki\/Lunel\"><em>Lunel<\/em><\/a><\/span>. Erstes Hotel: An der angegebenen Adresse war kein Hotel. Zweites Hotel: Nichts frei. Das dritte, eine fensterlose Absteige direkt an der Nationalstra\u00dfe: F\u00fcr \u20ac 66 zu haben. In der Not frisst der Teufel Fliegen, d.h. er nimmt auch eine \u00fcberteuerte Absteige, die ein Fu\u00dfschwei\u00dfaroma ausd\u00fcnstet.<\/span>\r\n\r\n<span style=\"font-size: 16pt;\">Dann die Entsch\u00e4digung: Gleich in der N\u00e4he ein sehr gutes Essen in der &#8222;<span class=\"st\"><em>Cr\u00eaperie<\/em><\/span><em> d`Emilie<\/em>&#8222;.<\/span>\r\n<br class=\"\u201cclear\u201d\"><span style=\"font-size: 16pt;\">Ein 32 \u00b0C hei\u00dfer Tag.<\/span>\r\n\r\n<span style=\"font-size: 16pt;\">Der bekannte Onlinedienst &#8222;Luft, Bett und Fr\u00fchst\u00fcck&#8220;, der private Unterk\u00fcnfte vermittelt, ist aus meiner Sicht nicht f\u00fcr kurzfristige Buchungen geeignet. Die meisten Privatanbieter reagieren sehr sp\u00e4t oder zu sp\u00e4t auf Anfragen, oder haben eine Unterkunft im Angebot, die schon belegt ist. Dennoch wird sofort die jeweilige \u00dcbernachtungsgeb\u00fchr abgebucht. In zwei F\u00e4llen bekam ich sie danach zwar zur\u00fcckerstattet, aber in einem Fall weigerte sich eine Anne, die sich nach meiner Anfrage am fr\u00fchen Abend erst kurz vor Mitternacht meldete, als ich dann schon die oben erw\u00e4hnte Absteige gebucht hatte, die \u00dcbernachtungsgeb\u00fchr zur\u00fcck zu erstatten.<\/span>\r\n<br class=\"\u201cclear\u201d\"><span style=\"font-size: 16pt;\">Damit ist &#8222;<span style=\"color: #333399;\"><a style=\"color: #333399;\" href=\"https:\/\/de.wikipedia.org\/wiki\/Airbnb\">Airbnb<\/a><\/span>&#8222;<\/span><span style=\"font-size: 16pt;\">&nbsp;f\u00fcr mich f\u00fcr alle Zeiten gestorben.<\/span>\r\n<br class=\"\u201cclear\u201d\"><br class=\"\u201cclear\u201d\"><span style=\"font-family: courier new,courier; font-size: 20pt;\"><a href=\"http:\/\/www.strapp.de\/wordpress\/suedwesteuropa-mit-dem-roller-etappe-3\/\">Zum dritten Teil: Montpellier bis Carcasonne<\/a><\/span>\r\n<br class=\"\u201cclear\u201d\"><br class=\"\u201cclear\u201d\">","protected":false},"excerpt":{"rendered":"Lyon bis Montpellier Frankreich ist teurer als Deutschland: Die Hotels, die Restaurants, die Superm\u00e4rkte. Im Schnitt lege ich momentan t\u00e4glich etwa 230 km zur\u00fcck. Viele Stunden auf dem Roller, nach mehr als acht dr\u00f6hnt allerdings der ganze K\u00f6rper. Erste Zypressen &hellip; <a href=\"https:\/\/strapp.de\/blog\/suedwesteuropa-mit-dem-roller-etappe-2\/\">Weiterlesen <span class=\"meta-nav\">&rarr;<\/span><\/a>","protected":false},"author":1,"featured_media":0,"parent":0,"menu_order":801,"comment_status":"closed","ping_status":"closed","template":"","meta":{"ngg_post_thumbnail":0,"footnotes":""},"class_list":["post-2696","page","type-page","status-publish","hentry"],"yoast_head":"<!-- This site is optimized with the Yoast SEO plugin v27.4 - https:\/\/yoast.com\/product\/yoast-seo-wordpress\/ -->\n<title>S\u00fcdwesteuropa mit dem Roller: Etappe 2\/Lyon bis Montpellier\/<\/title>\n<meta name=\"robots\" content=\"index, follow, max-snippet:-1, max-image-preview:large, max-video-preview:-1\" \/>\n<link rel=\"canonical\" href=\"https:\/\/strapp.de\/blog\/suedwesteuropa-mit-dem-roller-etappe-2\/\" \/>\n<meta property=\"og:locale\" content=\"de_DE\" \/>\n<meta property=\"og:type\" content=\"article\" \/>\n<meta property=\"og:title\" content=\"S\u00fcdwesteuropa mit dem Roller: Etappe 2\/Lyon bis Montpellier\/\" \/>\n<meta property=\"og:description\" content=\"Lyon bis Montpellier Frankreich ist teurer als Deutschland: Die Hotels, die Restaurants, die Superm\u00e4rkte. Im Schnitt lege ich momentan t\u00e4glich etwa 230 km zur\u00fcck. Viele Stunden auf dem Roller, nach mehr als acht dr\u00f6hnt allerdings der ganze K\u00f6rper. Erste Zypressen &hellip; Weiterlesen &rarr;\" \/>\n<meta property=\"og:url\" content=\"https:\/\/strapp.de\/blog\/suedwesteuropa-mit-dem-roller-etappe-2\/\" \/>\n<meta property=\"og:site_name\" content=\"strappradblog\" \/>\n<meta property=\"article:modified_time\" content=\"2025-09-13T22:59:10+00:00\" \/>\n<meta name=\"twitter:card\" content=\"summary_large_image\" \/>\n<meta name=\"twitter:label1\" content=\"Gesch\u00e4tzte Lesezeit\" \/>\n\t<meta name=\"twitter:data1\" content=\"4\u00a0Minuten\" \/>\n<script type=\"application\/ld+json\" class=\"yoast-schema-graph\">{\"@context\":\"https:\\\/\\\/schema.org\",\"@graph\":[{\"@type\":\"WebPage\",\"@id\":\"https:\\\/\\\/strapp.de\\\/blog\\\/suedwesteuropa-mit-dem-roller-etappe-2\\\/\",\"url\":\"https:\\\/\\\/strapp.de\\\/blog\\\/suedwesteuropa-mit-dem-roller-etappe-2\\\/\",\"name\":\"S\u00fcdwesteuropa mit dem Roller: Etappe 2\\\/Lyon bis Montpellier\\\/\",\"isPartOf\":{\"@id\":\"https:\\\/\\\/strapp.de\\\/blog\\\/#website\"},\"datePublished\":\"2016-11-11T19:25:58+00:00\",\"dateModified\":\"2025-09-13T22:59:10+00:00\",\"breadcrumb\":{\"@id\":\"https:\\\/\\\/strapp.de\\\/blog\\\/suedwesteuropa-mit-dem-roller-etappe-2\\\/#breadcrumb\"},\"inLanguage\":\"de\",\"potentialAction\":[{\"@type\":\"ReadAction\",\"target\":[\"https:\\\/\\\/strapp.de\\\/blog\\\/suedwesteuropa-mit-dem-roller-etappe-2\\\/\"]}]},{\"@type\":\"BreadcrumbList\",\"@id\":\"https:\\\/\\\/strapp.de\\\/blog\\\/suedwesteuropa-mit-dem-roller-etappe-2\\\/#breadcrumb\",\"itemListElement\":[{\"@type\":\"ListItem\",\"position\":1,\"name\":\"Startseite\",\"item\":\"https:\\\/\\\/www.strapp.de\\\/wordpress\\\/\"},{\"@type\":\"ListItem\",\"position\":2,\"name\":\"S\u00fcdwesteuropa mit dem Roller: Etappe 2\"}]},{\"@type\":\"WebSite\",\"@id\":\"https:\\\/\\\/strapp.de\\\/blog\\\/#website\",\"url\":\"https:\\\/\\\/strapp.de\\\/blog\\\/\",\"name\":\"strappradblog\",\"description\":\"siegfried trapp slowblog\",\"publisher\":{\"@id\":\"https:\\\/\\\/strapp.de\\\/blog\\\/#\\\/schema\\\/person\\\/59710c1e63ddfbccb993a17dbeb92abd\"},\"potentialAction\":[{\"@type\":\"SearchAction\",\"target\":{\"@type\":\"EntryPoint\",\"urlTemplate\":\"https:\\\/\\\/strapp.de\\\/blog\\\/?s={search_term_string}\"},\"query-input\":{\"@type\":\"PropertyValueSpecification\",\"valueRequired\":true,\"valueName\":\"search_term_string\"}}],\"inLanguage\":\"de\"},{\"@type\":[\"Person\",\"Organization\"],\"@id\":\"https:\\\/\\\/strapp.de\\\/blog\\\/#\\\/schema\\\/person\\\/59710c1e63ddfbccb993a17dbeb92abd\",\"name\":\"Siegfried Trapp\",\"image\":{\"@type\":\"ImageObject\",\"inLanguage\":\"de\",\"@id\":\"https:\\\/\\\/www.strapp.de\\\/wordpress\\\/wp-content\\\/uploads\\\/2019\\\/10\\\/favi.ico\",\"url\":\"https:\\\/\\\/www.strapp.de\\\/wordpress\\\/wp-content\\\/uploads\\\/2019\\\/10\\\/favi.ico\",\"contentUrl\":\"https:\\\/\\\/www.strapp.de\\\/wordpress\\\/wp-content\\\/uploads\\\/2019\\\/10\\\/favi.ico\",\"width\":16,\"height\":16,\"caption\":\"Siegfried Trapp\"},\"logo\":{\"@id\":\"https:\\\/\\\/www.strapp.de\\\/wordpress\\\/wp-content\\\/uploads\\\/2019\\\/10\\\/favi.ico\"},\"sameAs\":[\"http:\\\/\\\/www.strapp.de\"]}]}<\/script>\n<!-- \/ Yoast SEO plugin. -->","yoast_head_json":{"title":"S\u00fcdwesteuropa mit dem Roller: Etappe 2\/Lyon bis Montpellier\/","robots":{"index":"index","follow":"follow","max-snippet":"max-snippet:-1","max-image-preview":"max-image-preview:large","max-video-preview":"max-video-preview:-1"},"canonical":"https:\/\/strapp.de\/blog\/suedwesteuropa-mit-dem-roller-etappe-2\/","og_locale":"de_DE","og_type":"article","og_title":"S\u00fcdwesteuropa mit dem Roller: Etappe 2\/Lyon bis Montpellier\/","og_description":"Lyon bis Montpellier Frankreich ist teurer als Deutschland: Die Hotels, die Restaurants, die Superm\u00e4rkte. Im Schnitt lege ich momentan t\u00e4glich etwa 230 km zur\u00fcck. Viele Stunden auf dem Roller, nach mehr als acht dr\u00f6hnt allerdings der ganze K\u00f6rper. Erste Zypressen &hellip; Weiterlesen &rarr;","og_url":"https:\/\/strapp.de\/blog\/suedwesteuropa-mit-dem-roller-etappe-2\/","og_site_name":"strappradblog","article_modified_time":"2025-09-13T22:59:10+00:00","twitter_card":"summary_large_image","twitter_misc":{"Gesch\u00e4tzte Lesezeit":"4\u00a0Minuten"},"schema":{"@context":"https:\/\/schema.org","@graph":[{"@type":"WebPage","@id":"https:\/\/strapp.de\/blog\/suedwesteuropa-mit-dem-roller-etappe-2\/","url":"https:\/\/strapp.de\/blog\/suedwesteuropa-mit-dem-roller-etappe-2\/","name":"S\u00fcdwesteuropa mit dem Roller: Etappe 2\/Lyon bis Montpellier\/","isPartOf":{"@id":"https:\/\/strapp.de\/blog\/#website"},"datePublished":"2016-11-11T19:25:58+00:00","dateModified":"2025-09-13T22:59:10+00:00","breadcrumb":{"@id":"https:\/\/strapp.de\/blog\/suedwesteuropa-mit-dem-roller-etappe-2\/#breadcrumb"},"inLanguage":"de","potentialAction":[{"@type":"ReadAction","target":["https:\/\/strapp.de\/blog\/suedwesteuropa-mit-dem-roller-etappe-2\/"]}]},{"@type":"BreadcrumbList","@id":"https:\/\/strapp.de\/blog\/suedwesteuropa-mit-dem-roller-etappe-2\/#breadcrumb","itemListElement":[{"@type":"ListItem","position":1,"name":"Startseite","item":"https:\/\/www.strapp.de\/wordpress\/"},{"@type":"ListItem","position":2,"name":"S\u00fcdwesteuropa mit dem Roller: Etappe 2"}]},{"@type":"WebSite","@id":"https:\/\/strapp.de\/blog\/#website","url":"https:\/\/strapp.de\/blog\/","name":"strappradblog","description":"siegfried trapp slowblog","publisher":{"@id":"https:\/\/strapp.de\/blog\/#\/schema\/person\/59710c1e63ddfbccb993a17dbeb92abd"},"potentialAction":[{"@type":"SearchAction","target":{"@type":"EntryPoint","urlTemplate":"https:\/\/strapp.de\/blog\/?s={search_term_string}"},"query-input":{"@type":"PropertyValueSpecification","valueRequired":true,"valueName":"search_term_string"}}],"inLanguage":"de"},{"@type":["Person","Organization"],"@id":"https:\/\/strapp.de\/blog\/#\/schema\/person\/59710c1e63ddfbccb993a17dbeb92abd","name":"Siegfried Trapp","image":{"@type":"ImageObject","inLanguage":"de","@id":"https:\/\/www.strapp.de\/wordpress\/wp-content\/uploads\/2019\/10\/favi.ico","url":"https:\/\/www.strapp.de\/wordpress\/wp-content\/uploads\/2019\/10\/favi.ico","contentUrl":"https:\/\/www.strapp.de\/wordpress\/wp-content\/uploads\/2019\/10\/favi.ico","width":16,"height":16,"caption":"Siegfried Trapp"},"logo":{"@id":"https:\/\/www.strapp.de\/wordpress\/wp-content\/uploads\/2019\/10\/favi.ico"},"sameAs":["http:\/\/www.strapp.de"]}]}},"_links":{"self":[{"href":"https:\/\/strapp.de\/blog\/wp-json\/wp\/v2\/pages\/2696","targetHints":{"allow":["GET"]}}],"collection":[{"href":"https:\/\/strapp.de\/blog\/wp-json\/wp\/v2\/pages"}],"about":[{"href":"https:\/\/strapp.de\/blog\/wp-json\/wp\/v2\/types\/page"}],"author":[{"embeddable":true,"href":"https:\/\/strapp.de\/blog\/wp-json\/wp\/v2\/users\/1"}],"replies":[{"embeddable":true,"href":"https:\/\/strapp.de\/blog\/wp-json\/wp\/v2\/comments?post=2696"}],"version-history":[{"count":50,"href":"https:\/\/strapp.de\/blog\/wp-json\/wp\/v2\/pages\/2696\/revisions"}],"predecessor-version":[{"id":6301,"href":"https:\/\/strapp.de\/blog\/wp-json\/wp\/v2\/pages\/2696\/revisions\/6301"}],"wp:attachment":[{"href":"https:\/\/strapp.de\/blog\/wp-json\/wp\/v2\/media?parent=2696"}],"curies":[{"name":"wp","href":"https:\/\/api.w.org\/{rel}","templated":true}]}}